{"id":11008,"date":"2019-11-04T11:19:07","date_gmt":"2019-11-04T11:19:07","guid":{"rendered":"https:\/\/www.schlosslehotel.com\/?page_id=11008"},"modified":"2019-11-04T11:21:26","modified_gmt":"2019-11-04T11:21:26","slug":"suveterass","status":"publish","type":"page","link":"https:\/\/www.schlosslehotel.com\/et\/suveterass\/","title":{"rendered":"Suveterrass"},"content":{"rendered":"","protected":false},"excerpt":{"rendered":"","protected":false},"author":2,"featured_media":10709,"parent":0,"menu_order":0,"comment_status":"closed","ping_status":"closed","template":"","meta":{"_acf_changed":false,"footnotes":""},"class_list":["post-11008","page","type-page","status-publish","has-post-thumbnail","hentry"],"acf":[],"yoast_head":"<!-- This site is optimized with the Yoast SEO plugin v27.3 - https:\/\/yoast.com\/product\/yoast-seo-wordpress\/ -->\n<title>Suveterrass - Schl\u00f6ssle Hotel Tallinn Estonia<\/title>\n<meta name=\"description\" content=\"Tallinna vanalinna hotelli Schl\u00f6ssle sisehoovis asuv suveterrass pakub suvekuudel maist kuni septembrini h\u00f5rgutavaid maitseelamusi ja suurep\u00e4rast meelelahutust.\" \/>\n<meta name=\"robots\" content=\"index, follow, max-snippet:-1, max-image-preview:large, max-video-preview:-1\" \/>\n<link rel=\"canonical\" href=\"https:\/\/www.schlosslehotel.com\/et\/suveterass\/\" \/>\n<meta property=\"og:locale\" content=\"et_EE\" \/>\n<meta property=\"og:type\" content=\"article\" \/>\n<meta property=\"og:title\" content=\"Suveterrass - Schl\u00f6ssle Hotel Tallinn Estonia\" \/>\n<meta property=\"og:description\" content=\"Tallinna vanalinna hotelli Schl\u00f6ssle sisehoovis asuv suveterrass pakub suvekuudel maist kuni septembrini h\u00f5rgutavaid maitseelamusi ja suurep\u00e4rast meelelahutust.\" \/>\n<meta property=\"og:url\" content=\"https:\/\/www.schlosslehotel.com\/et\/suveterass\/\" \/>\n<meta property=\"og:site_name\" content=\"Schl\u00f6ssle Hotel Tallinn Estonia\" \/>\n<meta property=\"article:publisher\" content=\"https:\/\/www.facebook.com\/hotelschlossle\/\" \/>\n<meta property=\"article:modified_time\" content=\"2019-11-04T11:21:26+00:00\" \/>\n<meta property=\"og:image\" content=\"https:\/\/www.schlosslehotel.com\/wp-content\/uploads\/2019\/09\/Stenhus-courtyard-2019_7-min.jpg\" \/>\n\t<meta property=\"og:image:width\" content=\"5472\" \/>\n\t<meta property=\"og:image:height\" content=\"3648\" \/>\n\t<meta property=\"og:image:type\" content=\"image\/jpeg\" \/>\n<meta name=\"twitter:card\" content=\"summary_large_image\" \/>\n<meta name=\"twitter:site\" content=\"@SchlossleHotel\" \/>\n<script type=\"application\/ld+json\" class=\"yoast-schema-graph\">{\"@context\":\"https:\\\/\\\/schema.org\",\"@graph\":[{\"@type\":\"WebPage\",\"@id\":\"https:\\\/\\\/www.schlosslehotel.com\\\/et\\\/suveterass\\\/\",\"url\":\"https:\\\/\\\/www.schlosslehotel.com\\\/et\\\/suveterass\\\/\",\"name\":\"Suveterrass - Schl\u00f6ssle Hotel Tallinn Estonia\",\"isPartOf\":{\"@id\":\"https:\\\/\\\/www.schlosslehotel.com\\\/#website\"},\"primaryImageOfPage\":{\"@id\":\"https:\\\/\\\/www.schlosslehotel.com\\\/et\\\/suveterass\\\/#primaryimage\"},\"image\":{\"@id\":\"https:\\\/\\\/www.schlosslehotel.com\\\/et\\\/suveterass\\\/#primaryimage\"},\"thumbnailUrl\":\"https:\\\/\\\/www.schlosslehotel.com\\\/wp-content\\\/uploads\\\/2019\\\/09\\\/Stenhus-courtyard-2019_7-min.jpg\",\"datePublished\":\"2019-11-04T11:19:07+00:00\",\"dateModified\":\"2019-11-04T11:21:26+00:00\",\"description\":\"Tallinna vanalinna hotelli Schl\u00f6ssle sisehoovis asuv suveterrass pakub suvekuudel maist kuni septembrini h\u00f5rgutavaid maitseelamusi ja suurep\u00e4rast meelelahutust.\",\"breadcrumb\":{\"@id\":\"https:\\\/\\\/www.schlosslehotel.com\\\/et\\\/suveterass\\\/#breadcrumb\"},\"inLanguage\":\"et\",\"potentialAction\":[{\"@type\":\"ReadAction\",\"target\":[\"https:\\\/\\\/www.schlosslehotel.com\\\/et\\\/suveterass\\\/\"]}]},{\"@type\":\"ImageObject\",\"inLanguage\":\"et\",\"@id\":\"https:\\\/\\\/www.schlosslehotel.com\\\/et\\\/suveterass\\\/#primaryimage\",\"url\":\"https:\\\/\\\/www.schlosslehotel.com\\\/wp-content\\\/uploads\\\/2019\\\/09\\\/Stenhus-courtyard-2019_7-min.jpg\",\"contentUrl\":\"https:\\\/\\\/www.schlosslehotel.com\\\/wp-content\\\/uploads\\\/2019\\\/09\\\/Stenhus-courtyard-2019_7-min.jpg\",\"width\":5472,\"height\":3648,\"caption\":\"Parim koht suvekokteiliks Tallinnas | Stenhus restorani suveterrass\"},{\"@type\":\"BreadcrumbList\",\"@id\":\"https:\\\/\\\/www.schlosslehotel.com\\\/et\\\/suveterass\\\/#breadcrumb\",\"itemListElement\":[{\"@type\":\"ListItem\",\"position\":1,\"name\":\"Home\",\"item\":\"https:\\\/\\\/www.schlosslehotel.com\\\/et\\\/\"},{\"@type\":\"ListItem\",\"position\":2,\"name\":\"Suveterrass\"}]},{\"@type\":\"WebSite\",\"@id\":\"https:\\\/\\\/www.schlosslehotel.com\\\/#website\",\"url\":\"https:\\\/\\\/www.schlosslehotel.com\\\/\",\"name\":\"Schl\u00f6ssle Hotel Tallinn Estonia\",\"description\":\"Group\",\"potentialAction\":[{\"@type\":\"SearchAction\",\"target\":{\"@type\":\"EntryPoint\",\"urlTemplate\":\"https:\\\/\\\/www.schlosslehotel.com\\\/?s={search_term_string}\"},\"query-input\":{\"@type\":\"PropertyValueSpecification\",\"valueRequired\":true,\"valueName\":\"search_term_string\"}}],\"inLanguage\":\"et\"}]}<\/script>\n<!-- \/ Yoast SEO plugin. -->","yoast_head_json":{"title":"Suveterrass - Schl\u00f6ssle Hotel Tallinn Estonia","description":"Tallinna vanalinna hotelli Schl\u00f6ssle sisehoovis asuv suveterrass pakub suvekuudel maist kuni septembrini h\u00f5rgutavaid maitseelamusi ja suurep\u00e4rast meelelahutust.","robots":{"index":"index","follow":"follow","max-snippet":"max-snippet:-1","max-image-preview":"max-image-preview:large","max-video-preview":"max-video-preview:-1"},"canonical":"https:\/\/www.schlosslehotel.com\/et\/suveterass\/","og_locale":"et_EE","og_type":"article","og_title":"Suveterrass - Schl\u00f6ssle Hotel Tallinn Estonia","og_description":"Tallinna vanalinna hotelli Schl\u00f6ssle sisehoovis asuv suveterrass pakub suvekuudel maist kuni septembrini h\u00f5rgutavaid maitseelamusi ja suurep\u00e4rast meelelahutust.","og_url":"https:\/\/www.schlosslehotel.com\/et\/suveterass\/","og_site_name":"Schl\u00f6ssle Hotel Tallinn Estonia","article_publisher":"https:\/\/www.facebook.com\/hotelschlossle\/","article_modified_time":"2019-11-04T11:21:26+00:00","og_image":[{"width":5472,"height":3648,"url":"https:\/\/www.schlosslehotel.com\/wp-content\/uploads\/2019\/09\/Stenhus-courtyard-2019_7-min.jpg","type":"image\/jpeg"}],"twitter_card":"summary_large_image","twitter_site":"@SchlossleHotel","schema":{"@context":"https:\/\/schema.org","@graph":[{"@type":"WebPage","@id":"https:\/\/www.schlosslehotel.com\/et\/suveterass\/","url":"https:\/\/www.schlosslehotel.com\/et\/suveterass\/","name":"Suveterrass - Schl\u00f6ssle Hotel Tallinn Estonia","isPartOf":{"@id":"https:\/\/www.schlosslehotel.com\/#website"},"primaryImageOfPage":{"@id":"https:\/\/www.schlosslehotel.com\/et\/suveterass\/#primaryimage"},"image":{"@id":"https:\/\/www.schlosslehotel.com\/et\/suveterass\/#primaryimage"},"thumbnailUrl":"https:\/\/www.schlosslehotel.com\/wp-content\/uploads\/2019\/09\/Stenhus-courtyard-2019_7-min.jpg","datePublished":"2019-11-04T11:19:07+00:00","dateModified":"2019-11-04T11:21:26+00:00","description":"Tallinna vanalinna hotelli Schl\u00f6ssle sisehoovis asuv suveterrass pakub suvekuudel maist kuni septembrini h\u00f5rgutavaid maitseelamusi ja suurep\u00e4rast meelelahutust.","breadcrumb":{"@id":"https:\/\/www.schlosslehotel.com\/et\/suveterass\/#breadcrumb"},"inLanguage":"et","potentialAction":[{"@type":"ReadAction","target":["https:\/\/www.schlosslehotel.com\/et\/suveterass\/"]}]},{"@type":"ImageObject","inLanguage":"et","@id":"https:\/\/www.schlosslehotel.com\/et\/suveterass\/#primaryimage","url":"https:\/\/www.schlosslehotel.com\/wp-content\/uploads\/2019\/09\/Stenhus-courtyard-2019_7-min.jpg","contentUrl":"https:\/\/www.schlosslehotel.com\/wp-content\/uploads\/2019\/09\/Stenhus-courtyard-2019_7-min.jpg","width":5472,"height":3648,"caption":"Parim koht suvekokteiliks Tallinnas | Stenhus restorani suveterrass"},{"@type":"BreadcrumbList","@id":"https:\/\/www.schlosslehotel.com\/et\/suveterass\/#breadcrumb","itemListElement":[{"@type":"ListItem","position":1,"name":"Home","item":"https:\/\/www.schlosslehotel.com\/et\/"},{"@type":"ListItem","position":2,"name":"Suveterrass"}]},{"@type":"WebSite","@id":"https:\/\/www.schlosslehotel.com\/#website","url":"https:\/\/www.schlosslehotel.com\/","name":"Schl\u00f6ssle Hotel Tallinn Estonia","description":"Group","potentialAction":[{"@type":"SearchAction","target":{"@type":"EntryPoint","urlTemplate":"https:\/\/www.schlosslehotel.com\/?s={search_term_string}"},"query-input":{"@type":"PropertyValueSpecification","valueRequired":true,"valueName":"search_term_string"}}],"inLanguage":"et"}]}},"_links":{"self":[{"href":"https:\/\/www.schlosslehotel.com\/et\/wp-json\/wp\/v2\/pages\/11008","targetHints":{"allow":["GET"]}}],"collection":[{"href":"https:\/\/www.schlosslehotel.com\/et\/wp-json\/wp\/v2\/pages"}],"about":[{"href":"https:\/\/www.schlosslehotel.com\/et\/wp-json\/wp\/v2\/types\/page"}],"author":[{"embeddable":true,"href":"https:\/\/www.schlosslehotel.com\/et\/wp-json\/wp\/v2\/users\/2"}],"replies":[{"embeddable":true,"href":"https:\/\/www.schlosslehotel.com\/et\/wp-json\/wp\/v2\/comments?post=11008"}],"version-history":[{"count":1,"href":"https:\/\/www.schlosslehotel.com\/et\/wp-json\/wp\/v2\/pages\/11008\/revisions"}],"predecessor-version":[{"id":11009,"href":"https:\/\/www.schlosslehotel.com\/et\/wp-json\/wp\/v2\/pages\/11008\/revisions\/11009"}],"wp:featuredmedia":[{"embeddable":true,"href":"https:\/\/www.schlosslehotel.com\/et\/wp-json\/wp\/v2\/media\/10709"}],"wp:attachment":[{"href":"https:\/\/www.schlosslehotel.com\/et\/wp-json\/wp\/v2\/media?parent=11008"}],"curies":[{"name":"wp","href":"https:\/\/api.w.org\/{rel}","templated":true}]}}