{"id":1552,"date":"2014-04-21T09:58:13","date_gmt":"2014-04-21T09:58:13","guid":{"rendered":"http:\/\/www.schlosslehotel.com\/hotel\/saun-massage\/"},"modified":"2026-02-09T13:59:06","modified_gmt":"2026-02-09T13:59:06","slug":"hotelli-privaatsaun","status":"publish","type":"page","link":"https:\/\/www.schlosslehotel.com\/et\/hotell-tallinnas\/hotelli-privaatsaun\/","title":{"rendered":"ERASAUN JA SPAA-HOOLITSUSED"},"content":{"rendered":"","protected":false},"excerpt":{"rendered":"","protected":false},"author":3,"featured_media":13669,"parent":1497,"menu_order":3,"comment_status":"closed","ping_status":"closed","template":"","meta":{"_acf_changed":false,"footnotes":""},"class_list":["post-1552","page","type-page","status-publish","has-post-thumbnail","hentry"],"acf":[],"yoast_head":"<!-- This site is optimized with the Yoast SEO plugin v27.3 - https:\/\/yoast.com\/product\/yoast-seo-wordpress\/ -->\n<title>Privaatsaunad Tallinnas | Saun ja massaaz hoones, mis p\u00e4rineb XIII saj.<\/title>\n<meta name=\"description\" content=\"13. saj. p\u00e4rit hoone keldris asuv hotelli privaatsaun pakub ehtsaid vanu eesti saunam\u00f5nusid. Privaatsauna kuni 6-le inimesele v\u00f5imalik tellida ka eraldi!\" \/>\n<meta name=\"robots\" content=\"index, follow, max-snippet:-1, max-image-preview:large, max-video-preview:-1\" \/>\n<link rel=\"canonical\" href=\"https:\/\/www.schlosslehotel.com\/et\/hotell-tallinnas\/hotelli-privaatsaun\/\" \/>\n<meta property=\"og:locale\" content=\"et_EE\" \/>\n<meta property=\"og:type\" content=\"article\" \/>\n<meta property=\"og:title\" content=\"Privaatsaunad Tallinnas | Saun ja massaaz hoones, mis p\u00e4rineb XIII saj.\" \/>\n<meta property=\"og:description\" content=\"13. saj. p\u00e4rit hoone keldris asuv hotelli privaatsaun pakub ehtsaid vanu eesti saunam\u00f5nusid. Privaatsauna kuni 6-le inimesele v\u00f5imalik tellida ka eraldi!\" \/>\n<meta property=\"og:url\" content=\"https:\/\/www.schlosslehotel.com\/et\/hotell-tallinnas\/hotelli-privaatsaun\/\" \/>\n<meta property=\"og:site_name\" content=\"Schl\u00f6ssle Hotel Tallinn Estonia\" \/>\n<meta property=\"article:publisher\" content=\"https:\/\/www.facebook.com\/hotelschlossle\/\" \/>\n<meta property=\"article:modified_time\" content=\"2026-02-09T13:59:06+00:00\" \/>\n<meta property=\"og:image\" content=\"https:\/\/www.schlosslehotel.com\/wp-content\/uploads\/2025\/10\/SchlossleHotel_JUL25_119.jpg\" \/>\n\t<meta property=\"og:image:width\" content=\"1024\" \/>\n\t<meta property=\"og:image:height\" content=\"681\" \/>\n\t<meta property=\"og:image:type\" content=\"image\/jpeg\" \/>\n<meta name=\"twitter:card\" content=\"summary_large_image\" \/>\n<meta name=\"twitter:site\" content=\"@SchlossleHotel\" \/>\n<meta name=\"twitter:label1\" content=\"Est. reading time\" \/>\n\t<meta name=\"twitter:data1\" content=\"5 minutit\" \/>\n<script type=\"application\/ld+json\" class=\"yoast-schema-graph\">{\"@context\":\"https:\\\/\\\/schema.org\",\"@graph\":[{\"@type\":\"WebPage\",\"@id\":\"https:\\\/\\\/www.schlosslehotel.com\\\/et\\\/hotell-tallinnas\\\/hotelli-privaatsaun\\\/\",\"url\":\"https:\\\/\\\/www.schlosslehotel.com\\\/et\\\/hotell-tallinnas\\\/hotelli-privaatsaun\\\/\",\"name\":\"Privaatsaunad Tallinnas | Saun ja massaaz hoones, mis p\u00e4rineb XIII saj.\",\"isPartOf\":{\"@id\":\"https:\\\/\\\/www.schlosslehotel.com\\\/#website\"},\"primaryImageOfPage\":{\"@id\":\"https:\\\/\\\/www.schlosslehotel.com\\\/et\\\/hotell-tallinnas\\\/hotelli-privaatsaun\\\/#primaryimage\"},\"image\":{\"@id\":\"https:\\\/\\\/www.schlosslehotel.com\\\/et\\\/hotell-tallinnas\\\/hotelli-privaatsaun\\\/#primaryimage\"},\"thumbnailUrl\":\"https:\\\/\\\/www.schlosslehotel.com\\\/wp-content\\\/uploads\\\/2025\\\/10\\\/SchlossleHotel_JUL25_119.jpg\",\"datePublished\":\"2014-04-21T09:58:13+00:00\",\"dateModified\":\"2026-02-09T13:59:06+00:00\",\"description\":\"13. saj. p\u00e4rit hoone keldris asuv hotelli privaatsaun pakub ehtsaid vanu eesti saunam\u00f5nusid. Privaatsauna kuni 6-le inimesele v\u00f5imalik tellida ka eraldi!\",\"breadcrumb\":{\"@id\":\"https:\\\/\\\/www.schlosslehotel.com\\\/et\\\/hotell-tallinnas\\\/hotelli-privaatsaun\\\/#breadcrumb\"},\"inLanguage\":\"et\",\"potentialAction\":[{\"@type\":\"ReadAction\",\"target\":[\"https:\\\/\\\/www.schlosslehotel.com\\\/et\\\/hotell-tallinnas\\\/hotelli-privaatsaun\\\/\"]}]},{\"@type\":\"ImageObject\",\"inLanguage\":\"et\",\"@id\":\"https:\\\/\\\/www.schlosslehotel.com\\\/et\\\/hotell-tallinnas\\\/hotelli-privaatsaun\\\/#primaryimage\",\"url\":\"https:\\\/\\\/www.schlosslehotel.com\\\/wp-content\\\/uploads\\\/2025\\\/10\\\/SchlossleHotel_JUL25_119.jpg\",\"contentUrl\":\"https:\\\/\\\/www.schlosslehotel.com\\\/wp-content\\\/uploads\\\/2025\\\/10\\\/SchlossleHotel_JUL25_119.jpg\",\"width\":1024,\"height\":681},{\"@type\":\"BreadcrumbList\",\"@id\":\"https:\\\/\\\/www.schlosslehotel.com\\\/et\\\/hotell-tallinnas\\\/hotelli-privaatsaun\\\/#breadcrumb\",\"itemListElement\":[{\"@type\":\"ListItem\",\"position\":1,\"name\":\"Home\",\"item\":\"https:\\\/\\\/www.schlosslehotel.com\\\/et\\\/\"},{\"@type\":\"ListItem\",\"position\":2,\"name\":\"Luksuslik hotell Schl\u00f6ssle Tallinna vanalinnas\",\"item\":\"https:\\\/\\\/www.schlosslehotel.com\\\/et\\\/hotell-tallinnas\\\/\"},{\"@type\":\"ListItem\",\"position\":3,\"name\":\"ERASAUN JA SPAA-HOOLITSUSED\"}]},{\"@type\":\"WebSite\",\"@id\":\"https:\\\/\\\/www.schlosslehotel.com\\\/#website\",\"url\":\"https:\\\/\\\/www.schlosslehotel.com\\\/\",\"name\":\"Schl\u00f6ssle Hotel Tallinn Estonia\",\"description\":\"Group\",\"potentialAction\":[{\"@type\":\"SearchAction\",\"target\":{\"@type\":\"EntryPoint\",\"urlTemplate\":\"https:\\\/\\\/www.schlosslehotel.com\\\/?s={search_term_string}\"},\"query-input\":{\"@type\":\"PropertyValueSpecification\",\"valueRequired\":true,\"valueName\":\"search_term_string\"}}],\"inLanguage\":\"et\"}]}<\/script>\n<!-- \/ Yoast SEO plugin. -->","yoast_head_json":{"title":"Privaatsaunad Tallinnas | Saun ja massaaz hoones, mis p\u00e4rineb XIII saj.","description":"13. saj. p\u00e4rit hoone keldris asuv hotelli privaatsaun pakub ehtsaid vanu eesti saunam\u00f5nusid. Privaatsauna kuni 6-le inimesele v\u00f5imalik tellida ka eraldi!","robots":{"index":"index","follow":"follow","max-snippet":"max-snippet:-1","max-image-preview":"max-image-preview:large","max-video-preview":"max-video-preview:-1"},"canonical":"https:\/\/www.schlosslehotel.com\/et\/hotell-tallinnas\/hotelli-privaatsaun\/","og_locale":"et_EE","og_type":"article","og_title":"Privaatsaunad Tallinnas | Saun ja massaaz hoones, mis p\u00e4rineb XIII saj.","og_description":"13. saj. p\u00e4rit hoone keldris asuv hotelli privaatsaun pakub ehtsaid vanu eesti saunam\u00f5nusid. Privaatsauna kuni 6-le inimesele v\u00f5imalik tellida ka eraldi!","og_url":"https:\/\/www.schlosslehotel.com\/et\/hotell-tallinnas\/hotelli-privaatsaun\/","og_site_name":"Schl\u00f6ssle Hotel Tallinn Estonia","article_publisher":"https:\/\/www.facebook.com\/hotelschlossle\/","article_modified_time":"2026-02-09T13:59:06+00:00","og_image":[{"width":1024,"height":681,"url":"https:\/\/www.schlosslehotel.com\/wp-content\/uploads\/2025\/10\/SchlossleHotel_JUL25_119.jpg","type":"image\/jpeg"}],"twitter_card":"summary_large_image","twitter_site":"@SchlossleHotel","twitter_misc":{"Est. reading time":"5 minutit"},"schema":{"@context":"https:\/\/schema.org","@graph":[{"@type":"WebPage","@id":"https:\/\/www.schlosslehotel.com\/et\/hotell-tallinnas\/hotelli-privaatsaun\/","url":"https:\/\/www.schlosslehotel.com\/et\/hotell-tallinnas\/hotelli-privaatsaun\/","name":"Privaatsaunad Tallinnas | Saun ja massaaz hoones, mis p\u00e4rineb XIII saj.","isPartOf":{"@id":"https:\/\/www.schlosslehotel.com\/#website"},"primaryImageOfPage":{"@id":"https:\/\/www.schlosslehotel.com\/et\/hotell-tallinnas\/hotelli-privaatsaun\/#primaryimage"},"image":{"@id":"https:\/\/www.schlosslehotel.com\/et\/hotell-tallinnas\/hotelli-privaatsaun\/#primaryimage"},"thumbnailUrl":"https:\/\/www.schlosslehotel.com\/wp-content\/uploads\/2025\/10\/SchlossleHotel_JUL25_119.jpg","datePublished":"2014-04-21T09:58:13+00:00","dateModified":"2026-02-09T13:59:06+00:00","description":"13. saj. p\u00e4rit hoone keldris asuv hotelli privaatsaun pakub ehtsaid vanu eesti saunam\u00f5nusid. Privaatsauna kuni 6-le inimesele v\u00f5imalik tellida ka eraldi!","breadcrumb":{"@id":"https:\/\/www.schlosslehotel.com\/et\/hotell-tallinnas\/hotelli-privaatsaun\/#breadcrumb"},"inLanguage":"et","potentialAction":[{"@type":"ReadAction","target":["https:\/\/www.schlosslehotel.com\/et\/hotell-tallinnas\/hotelli-privaatsaun\/"]}]},{"@type":"ImageObject","inLanguage":"et","@id":"https:\/\/www.schlosslehotel.com\/et\/hotell-tallinnas\/hotelli-privaatsaun\/#primaryimage","url":"https:\/\/www.schlosslehotel.com\/wp-content\/uploads\/2025\/10\/SchlossleHotel_JUL25_119.jpg","contentUrl":"https:\/\/www.schlosslehotel.com\/wp-content\/uploads\/2025\/10\/SchlossleHotel_JUL25_119.jpg","width":1024,"height":681},{"@type":"BreadcrumbList","@id":"https:\/\/www.schlosslehotel.com\/et\/hotell-tallinnas\/hotelli-privaatsaun\/#breadcrumb","itemListElement":[{"@type":"ListItem","position":1,"name":"Home","item":"https:\/\/www.schlosslehotel.com\/et\/"},{"@type":"ListItem","position":2,"name":"Luksuslik hotell Schl\u00f6ssle Tallinna vanalinnas","item":"https:\/\/www.schlosslehotel.com\/et\/hotell-tallinnas\/"},{"@type":"ListItem","position":3,"name":"ERASAUN JA SPAA-HOOLITSUSED"}]},{"@type":"WebSite","@id":"https:\/\/www.schlosslehotel.com\/#website","url":"https:\/\/www.schlosslehotel.com\/","name":"Schl\u00f6ssle Hotel Tallinn Estonia","description":"Group","potentialAction":[{"@type":"SearchAction","target":{"@type":"EntryPoint","urlTemplate":"https:\/\/www.schlosslehotel.com\/?s={search_term_string}"},"query-input":{"@type":"PropertyValueSpecification","valueRequired":true,"valueName":"search_term_string"}}],"inLanguage":"et"}]}},"_links":{"self":[{"href":"https:\/\/www.schlosslehotel.com\/et\/wp-json\/wp\/v2\/pages\/1552","targetHints":{"allow":["GET"]}}],"collection":[{"href":"https:\/\/www.schlosslehotel.com\/et\/wp-json\/wp\/v2\/pages"}],"about":[{"href":"https:\/\/www.schlosslehotel.com\/et\/wp-json\/wp\/v2\/types\/page"}],"author":[{"embeddable":true,"href":"https:\/\/www.schlosslehotel.com\/et\/wp-json\/wp\/v2\/users\/3"}],"replies":[{"embeddable":true,"href":"https:\/\/www.schlosslehotel.com\/et\/wp-json\/wp\/v2\/comments?post=1552"}],"version-history":[{"count":77,"href":"https:\/\/www.schlosslehotel.com\/et\/wp-json\/wp\/v2\/pages\/1552\/revisions"}],"predecessor-version":[{"id":13769,"href":"https:\/\/www.schlosslehotel.com\/et\/wp-json\/wp\/v2\/pages\/1552\/revisions\/13769"}],"up":[{"embeddable":true,"href":"https:\/\/www.schlosslehotel.com\/et\/wp-json\/wp\/v2\/pages\/1497"}],"wp:featuredmedia":[{"embeddable":true,"href":"https:\/\/www.schlosslehotel.com\/et\/wp-json\/wp\/v2\/media\/13669"}],"wp:attachment":[{"href":"https:\/\/www.schlosslehotel.com\/et\/wp-json\/wp\/v2\/media?parent=1552"}],"curies":[{"name":"wp","href":"https:\/\/api.w.org\/{rel}","templated":true}]}}