{"id":1650,"date":"2014-04-10T15:58:53","date_gmt":"2014-04-10T15:58:53","guid":{"rendered":"http:\/\/www.schlosslehotel.com\/tallinn-2\/"},"modified":"2025-01-20T12:22:15","modified_gmt":"2025-01-20T12:22:15","slug":"tallinn","status":"publish","type":"page","link":"https:\/\/www.schlosslehotel.com\/et\/tallinn\/","title":{"rendered":"Tallinn"},"content":{"rendered":"","protected":false},"excerpt":{"rendered":"","protected":false},"author":2,"featured_media":0,"parent":0,"menu_order":15,"comment_status":"closed","ping_status":"closed","template":"","meta":{"_acf_changed":false,"footnotes":""},"class_list":["post-1650","page","type-page","status-publish","hentry"],"acf":[],"yoast_head":"<!-- This site is optimized with the Yoast SEO plugin v27.3 - https:\/\/yoast.com\/product\/yoast-seo-wordpress\/ -->\n<title>Tallinn | Huvitavaid fakte pealinna kohta | Unikaalne Schl\u00f6ssle hotell<\/title>\n<meta name=\"description\" content=\"Tallinn on Eesti suurim linn ning pealinn. Linna ajalooline keskus - vanalinn - on t\u00e4helepanuv\u00e4\u00e4rselt h\u00e4sti s\u00e4ilinud keskaegne P\u00f5hja-Euroopa pealinn.\" \/>\n<meta name=\"robots\" content=\"index, follow, max-snippet:-1, max-image-preview:large, max-video-preview:-1\" \/>\n<link rel=\"canonical\" href=\"https:\/\/www.schlosslehotel.com\/et\/tallinn\/\" \/>\n<meta property=\"og:locale\" content=\"et_EE\" \/>\n<meta property=\"og:type\" content=\"article\" \/>\n<meta property=\"og:title\" content=\"Tallinn | Huvitavaid fakte pealinna kohta | Unikaalne Schl\u00f6ssle hotell\" \/>\n<meta property=\"og:description\" content=\"Tallinn on Eesti suurim linn ning pealinn. Linna ajalooline keskus - vanalinn - on t\u00e4helepanuv\u00e4\u00e4rselt h\u00e4sti s\u00e4ilinud keskaegne P\u00f5hja-Euroopa pealinn.\" \/>\n<meta property=\"og:url\" content=\"https:\/\/www.schlosslehotel.com\/et\/tallinn\/\" \/>\n<meta property=\"og:site_name\" content=\"Schl\u00f6ssle Hotel Tallinn Estonia\" \/>\n<meta property=\"article:publisher\" content=\"https:\/\/www.facebook.com\/hotelschlossle\/\" \/>\n<meta property=\"article:modified_time\" content=\"2025-01-20T12:22:15+00:00\" \/>\n<meta property=\"og:image\" content=\"https:\/\/www.schlosslehotel.com\/wp-content\/uploads\/2016\/07\/Facade-1.jpg\" \/>\n\t<meta property=\"og:image:width\" content=\"2000\" \/>\n\t<meta property=\"og:image:height\" content=\"1125\" \/>\n\t<meta property=\"og:image:type\" content=\"image\/jpeg\" \/>\n<meta name=\"twitter:card\" content=\"summary_large_image\" \/>\n<meta name=\"twitter:site\" content=\"@SchlossleHotel\" \/>\n<meta name=\"twitter:label1\" content=\"Est. reading time\" \/>\n\t<meta name=\"twitter:data1\" content=\"1 minut\" \/>\n<script type=\"application\/ld+json\" class=\"yoast-schema-graph\">{\"@context\":\"https:\\\/\\\/schema.org\",\"@graph\":[{\"@type\":\"WebPage\",\"@id\":\"https:\\\/\\\/www.schlosslehotel.com\\\/et\\\/tallinn\\\/\",\"url\":\"https:\\\/\\\/www.schlosslehotel.com\\\/et\\\/tallinn\\\/\",\"name\":\"Tallinn | Huvitavaid fakte pealinna kohta | Unikaalne Schl\u00f6ssle hotell\",\"isPartOf\":{\"@id\":\"https:\\\/\\\/www.schlosslehotel.com\\\/#website\"},\"datePublished\":\"2014-04-10T15:58:53+00:00\",\"dateModified\":\"2025-01-20T12:22:15+00:00\",\"description\":\"Tallinn on Eesti suurim linn ning pealinn. Linna ajalooline keskus - vanalinn - on t\u00e4helepanuv\u00e4\u00e4rselt h\u00e4sti s\u00e4ilinud keskaegne P\u00f5hja-Euroopa pealinn.\",\"breadcrumb\":{\"@id\":\"https:\\\/\\\/www.schlosslehotel.com\\\/et\\\/tallinn\\\/#breadcrumb\"},\"inLanguage\":\"et\",\"potentialAction\":[{\"@type\":\"ReadAction\",\"target\":[\"https:\\\/\\\/www.schlosslehotel.com\\\/et\\\/tallinn\\\/\"]}]},{\"@type\":\"BreadcrumbList\",\"@id\":\"https:\\\/\\\/www.schlosslehotel.com\\\/et\\\/tallinn\\\/#breadcrumb\",\"itemListElement\":[{\"@type\":\"ListItem\",\"position\":1,\"name\":\"Home\",\"item\":\"https:\\\/\\\/www.schlosslehotel.com\\\/et\\\/\"},{\"@type\":\"ListItem\",\"position\":2,\"name\":\"Tallinn\"}]},{\"@type\":\"WebSite\",\"@id\":\"https:\\\/\\\/www.schlosslehotel.com\\\/#website\",\"url\":\"https:\\\/\\\/www.schlosslehotel.com\\\/\",\"name\":\"Schl\u00f6ssle Hotel Tallinn Estonia\",\"description\":\"Group\",\"potentialAction\":[{\"@type\":\"SearchAction\",\"target\":{\"@type\":\"EntryPoint\",\"urlTemplate\":\"https:\\\/\\\/www.schlosslehotel.com\\\/?s={search_term_string}\"},\"query-input\":{\"@type\":\"PropertyValueSpecification\",\"valueRequired\":true,\"valueName\":\"search_term_string\"}}],\"inLanguage\":\"et\"}]}<\/script>\n<!-- \/ Yoast SEO plugin. -->","yoast_head_json":{"title":"Tallinn | Huvitavaid fakte pealinna kohta | Unikaalne Schl\u00f6ssle hotell","description":"Tallinn on Eesti suurim linn ning pealinn. Linna ajalooline keskus - vanalinn - on t\u00e4helepanuv\u00e4\u00e4rselt h\u00e4sti s\u00e4ilinud keskaegne P\u00f5hja-Euroopa pealinn.","robots":{"index":"index","follow":"follow","max-snippet":"max-snippet:-1","max-image-preview":"max-image-preview:large","max-video-preview":"max-video-preview:-1"},"canonical":"https:\/\/www.schlosslehotel.com\/et\/tallinn\/","og_locale":"et_EE","og_type":"article","og_title":"Tallinn | Huvitavaid fakte pealinna kohta | Unikaalne Schl\u00f6ssle hotell","og_description":"Tallinn on Eesti suurim linn ning pealinn. Linna ajalooline keskus - vanalinn - on t\u00e4helepanuv\u00e4\u00e4rselt h\u00e4sti s\u00e4ilinud keskaegne P\u00f5hja-Euroopa pealinn.","og_url":"https:\/\/www.schlosslehotel.com\/et\/tallinn\/","og_site_name":"Schl\u00f6ssle Hotel Tallinn Estonia","article_publisher":"https:\/\/www.facebook.com\/hotelschlossle\/","article_modified_time":"2025-01-20T12:22:15+00:00","og_image":[{"width":2000,"height":1125,"url":"https:\/\/www.schlosslehotel.com\/wp-content\/uploads\/2016\/07\/Facade-1.jpg","type":"image\/jpeg"}],"twitter_card":"summary_large_image","twitter_site":"@SchlossleHotel","twitter_misc":{"Est. reading time":"1 minut"},"schema":{"@context":"https:\/\/schema.org","@graph":[{"@type":"WebPage","@id":"https:\/\/www.schlosslehotel.com\/et\/tallinn\/","url":"https:\/\/www.schlosslehotel.com\/et\/tallinn\/","name":"Tallinn | Huvitavaid fakte pealinna kohta | Unikaalne Schl\u00f6ssle hotell","isPartOf":{"@id":"https:\/\/www.schlosslehotel.com\/#website"},"datePublished":"2014-04-10T15:58:53+00:00","dateModified":"2025-01-20T12:22:15+00:00","description":"Tallinn on Eesti suurim linn ning pealinn. Linna ajalooline keskus - vanalinn - on t\u00e4helepanuv\u00e4\u00e4rselt h\u00e4sti s\u00e4ilinud keskaegne P\u00f5hja-Euroopa pealinn.","breadcrumb":{"@id":"https:\/\/www.schlosslehotel.com\/et\/tallinn\/#breadcrumb"},"inLanguage":"et","potentialAction":[{"@type":"ReadAction","target":["https:\/\/www.schlosslehotel.com\/et\/tallinn\/"]}]},{"@type":"BreadcrumbList","@id":"https:\/\/www.schlosslehotel.com\/et\/tallinn\/#breadcrumb","itemListElement":[{"@type":"ListItem","position":1,"name":"Home","item":"https:\/\/www.schlosslehotel.com\/et\/"},{"@type":"ListItem","position":2,"name":"Tallinn"}]},{"@type":"WebSite","@id":"https:\/\/www.schlosslehotel.com\/#website","url":"https:\/\/www.schlosslehotel.com\/","name":"Schl\u00f6ssle Hotel Tallinn Estonia","description":"Group","potentialAction":[{"@type":"SearchAction","target":{"@type":"EntryPoint","urlTemplate":"https:\/\/www.schlosslehotel.com\/?s={search_term_string}"},"query-input":{"@type":"PropertyValueSpecification","valueRequired":true,"valueName":"search_term_string"}}],"inLanguage":"et"}]}},"_links":{"self":[{"href":"https:\/\/www.schlosslehotel.com\/et\/wp-json\/wp\/v2\/pages\/1650","targetHints":{"allow":["GET"]}}],"collection":[{"href":"https:\/\/www.schlosslehotel.com\/et\/wp-json\/wp\/v2\/pages"}],"about":[{"href":"https:\/\/www.schlosslehotel.com\/et\/wp-json\/wp\/v2\/types\/page"}],"author":[{"embeddable":true,"href":"https:\/\/www.schlosslehotel.com\/et\/wp-json\/wp\/v2\/users\/2"}],"replies":[{"embeddable":true,"href":"https:\/\/www.schlosslehotel.com\/et\/wp-json\/wp\/v2\/comments?post=1650"}],"version-history":[{"count":20,"href":"https:\/\/www.schlosslehotel.com\/et\/wp-json\/wp\/v2\/pages\/1650\/revisions"}],"predecessor-version":[{"id":12746,"href":"https:\/\/www.schlosslehotel.com\/et\/wp-json\/wp\/v2\/pages\/1650\/revisions\/12746"}],"wp:attachment":[{"href":"https:\/\/www.schlosslehotel.com\/et\/wp-json\/wp\/v2\/media?parent=1650"}],"curies":[{"name":"wp","href":"https:\/\/api.w.org\/{rel}","templated":true}]}}