{"id":1652,"date":"2014-04-10T15:58:53","date_gmt":"2014-04-10T15:58:53","guid":{"rendered":"http:\/\/www.schlosslehotel.com\/contact-location-4\/"},"modified":"2025-02-03T10:29:17","modified_gmt":"2025-02-03T10:29:17","slug":"kontakt-ja-asukoht","status":"publish","type":"page","link":"https:\/\/www.schlosslehotel.com\/et\/kontakt-ja-asukoht\/","title":{"rendered":"Kontakt ja asukoht"},"content":{"rendered":"","protected":false},"excerpt":{"rendered":"","protected":false},"author":2,"featured_media":0,"parent":0,"menu_order":14,"comment_status":"closed","ping_status":"closed","template":"","meta":{"_acf_changed":false,"footnotes":""},"class_list":["post-1652","page","type-page","status-publish","hentry"],"acf":[],"yoast_head":"<!-- This site is optimized with the Yoast SEO plugin v27.3 - https:\/\/yoast.com\/product\/yoast-seo-wordpress\/ -->\n<title>Vanalinna hotellid | \u00dcks luksuslikemaid Tallinna hotellidest | Schl\u00f6ssle<\/title>\n<meta name=\"description\" content=\"Vanalinna hotellid | \u00dcks luksuslikemaid Tallinna hotellidest - hotell Schl\u00f6ssle - asub Tallinna vanalinna s\u00fcdames, aadressil P\u00fchavaimu 13\/15, +372 699 7700.\" \/>\n<meta name=\"robots\" content=\"index, follow, max-snippet:-1, max-image-preview:large, max-video-preview:-1\" \/>\n<link rel=\"canonical\" href=\"https:\/\/www.schlosslehotel.com\/et\/kontakt-ja-asukoht\/\" \/>\n<meta property=\"og:locale\" content=\"et_EE\" \/>\n<meta property=\"og:type\" content=\"article\" \/>\n<meta property=\"og:title\" content=\"Vanalinna hotellid | \u00dcks luksuslikemaid Tallinna hotellidest | Schl\u00f6ssle\" \/>\n<meta property=\"og:description\" content=\"Vanalinna hotellid | \u00dcks luksuslikemaid Tallinna hotellidest - hotell Schl\u00f6ssle - asub Tallinna vanalinna s\u00fcdames, aadressil P\u00fchavaimu 13\/15, +372 699 7700.\" \/>\n<meta property=\"og:url\" content=\"https:\/\/www.schlosslehotel.com\/et\/kontakt-ja-asukoht\/\" \/>\n<meta property=\"og:site_name\" content=\"Schl\u00f6ssle Hotel Tallinn Estonia\" \/>\n<meta property=\"article:publisher\" content=\"https:\/\/www.facebook.com\/hotelschlossle\/\" \/>\n<meta property=\"article:modified_time\" content=\"2025-02-03T10:29:17+00:00\" \/>\n<meta property=\"og:image\" content=\"https:\/\/www.schlosslehotel.com\/wp-content\/uploads\/2016\/07\/Facade-1.jpg\" \/>\n\t<meta property=\"og:image:width\" content=\"2000\" \/>\n\t<meta property=\"og:image:height\" content=\"1125\" \/>\n\t<meta property=\"og:image:type\" content=\"image\/jpeg\" \/>\n<meta name=\"twitter:card\" content=\"summary_large_image\" \/>\n<meta name=\"twitter:site\" content=\"@SchlossleHotel\" \/>\n<meta name=\"twitter:label1\" content=\"Est. reading time\" \/>\n\t<meta name=\"twitter:data1\" content=\"3 minutit\" \/>\n<script type=\"application\/ld+json\" class=\"yoast-schema-graph\">{\"@context\":\"https:\\\/\\\/schema.org\",\"@graph\":[{\"@type\":\"WebPage\",\"@id\":\"https:\\\/\\\/www.schlosslehotel.com\\\/et\\\/kontakt-ja-asukoht\\\/\",\"url\":\"https:\\\/\\\/www.schlosslehotel.com\\\/et\\\/kontakt-ja-asukoht\\\/\",\"name\":\"Vanalinna hotellid | \u00dcks luksuslikemaid Tallinna hotellidest | Schl\u00f6ssle\",\"isPartOf\":{\"@id\":\"https:\\\/\\\/www.schlosslehotel.com\\\/#website\"},\"datePublished\":\"2014-04-10T15:58:53+00:00\",\"dateModified\":\"2025-02-03T10:29:17+00:00\",\"description\":\"Vanalinna hotellid | \u00dcks luksuslikemaid Tallinna hotellidest - hotell Schl\u00f6ssle - asub Tallinna vanalinna s\u00fcdames, aadressil P\u00fchavaimu 13\\\/15, +372 699 7700.\",\"breadcrumb\":{\"@id\":\"https:\\\/\\\/www.schlosslehotel.com\\\/et\\\/kontakt-ja-asukoht\\\/#breadcrumb\"},\"inLanguage\":\"et\",\"potentialAction\":[{\"@type\":\"ReadAction\",\"target\":[\"https:\\\/\\\/www.schlosslehotel.com\\\/et\\\/kontakt-ja-asukoht\\\/\"]}]},{\"@type\":\"BreadcrumbList\",\"@id\":\"https:\\\/\\\/www.schlosslehotel.com\\\/et\\\/kontakt-ja-asukoht\\\/#breadcrumb\",\"itemListElement\":[{\"@type\":\"ListItem\",\"position\":1,\"name\":\"Home\",\"item\":\"https:\\\/\\\/www.schlosslehotel.com\\\/et\\\/\"},{\"@type\":\"ListItem\",\"position\":2,\"name\":\"Kontakt ja asukoht\"}]},{\"@type\":\"WebSite\",\"@id\":\"https:\\\/\\\/www.schlosslehotel.com\\\/#website\",\"url\":\"https:\\\/\\\/www.schlosslehotel.com\\\/\",\"name\":\"Schl\u00f6ssle Hotel Tallinn Estonia\",\"description\":\"Group\",\"potentialAction\":[{\"@type\":\"SearchAction\",\"target\":{\"@type\":\"EntryPoint\",\"urlTemplate\":\"https:\\\/\\\/www.schlosslehotel.com\\\/?s={search_term_string}\"},\"query-input\":{\"@type\":\"PropertyValueSpecification\",\"valueRequired\":true,\"valueName\":\"search_term_string\"}}],\"inLanguage\":\"et\"}]}<\/script>\n<!-- \/ Yoast SEO plugin. -->","yoast_head_json":{"title":"Vanalinna hotellid | \u00dcks luksuslikemaid Tallinna hotellidest | Schl\u00f6ssle","description":"Vanalinna hotellid | \u00dcks luksuslikemaid Tallinna hotellidest - hotell Schl\u00f6ssle - asub Tallinna vanalinna s\u00fcdames, aadressil P\u00fchavaimu 13\/15, +372 699 7700.","robots":{"index":"index","follow":"follow","max-snippet":"max-snippet:-1","max-image-preview":"max-image-preview:large","max-video-preview":"max-video-preview:-1"},"canonical":"https:\/\/www.schlosslehotel.com\/et\/kontakt-ja-asukoht\/","og_locale":"et_EE","og_type":"article","og_title":"Vanalinna hotellid | \u00dcks luksuslikemaid Tallinna hotellidest | Schl\u00f6ssle","og_description":"Vanalinna hotellid | \u00dcks luksuslikemaid Tallinna hotellidest - hotell Schl\u00f6ssle - asub Tallinna vanalinna s\u00fcdames, aadressil P\u00fchavaimu 13\/15, +372 699 7700.","og_url":"https:\/\/www.schlosslehotel.com\/et\/kontakt-ja-asukoht\/","og_site_name":"Schl\u00f6ssle Hotel Tallinn Estonia","article_publisher":"https:\/\/www.facebook.com\/hotelschlossle\/","article_modified_time":"2025-02-03T10:29:17+00:00","og_image":[{"width":2000,"height":1125,"url":"https:\/\/www.schlosslehotel.com\/wp-content\/uploads\/2016\/07\/Facade-1.jpg","type":"image\/jpeg"}],"twitter_card":"summary_large_image","twitter_site":"@SchlossleHotel","twitter_misc":{"Est. reading time":"3 minutit"},"schema":{"@context":"https:\/\/schema.org","@graph":[{"@type":"WebPage","@id":"https:\/\/www.schlosslehotel.com\/et\/kontakt-ja-asukoht\/","url":"https:\/\/www.schlosslehotel.com\/et\/kontakt-ja-asukoht\/","name":"Vanalinna hotellid | \u00dcks luksuslikemaid Tallinna hotellidest | Schl\u00f6ssle","isPartOf":{"@id":"https:\/\/www.schlosslehotel.com\/#website"},"datePublished":"2014-04-10T15:58:53+00:00","dateModified":"2025-02-03T10:29:17+00:00","description":"Vanalinna hotellid | \u00dcks luksuslikemaid Tallinna hotellidest - hotell Schl\u00f6ssle - asub Tallinna vanalinna s\u00fcdames, aadressil P\u00fchavaimu 13\/15, +372 699 7700.","breadcrumb":{"@id":"https:\/\/www.schlosslehotel.com\/et\/kontakt-ja-asukoht\/#breadcrumb"},"inLanguage":"et","potentialAction":[{"@type":"ReadAction","target":["https:\/\/www.schlosslehotel.com\/et\/kontakt-ja-asukoht\/"]}]},{"@type":"BreadcrumbList","@id":"https:\/\/www.schlosslehotel.com\/et\/kontakt-ja-asukoht\/#breadcrumb","itemListElement":[{"@type":"ListItem","position":1,"name":"Home","item":"https:\/\/www.schlosslehotel.com\/et\/"},{"@type":"ListItem","position":2,"name":"Kontakt ja asukoht"}]},{"@type":"WebSite","@id":"https:\/\/www.schlosslehotel.com\/#website","url":"https:\/\/www.schlosslehotel.com\/","name":"Schl\u00f6ssle Hotel Tallinn Estonia","description":"Group","potentialAction":[{"@type":"SearchAction","target":{"@type":"EntryPoint","urlTemplate":"https:\/\/www.schlosslehotel.com\/?s={search_term_string}"},"query-input":{"@type":"PropertyValueSpecification","valueRequired":true,"valueName":"search_term_string"}}],"inLanguage":"et"}]}},"_links":{"self":[{"href":"https:\/\/www.schlosslehotel.com\/et\/wp-json\/wp\/v2\/pages\/1652","targetHints":{"allow":["GET"]}}],"collection":[{"href":"https:\/\/www.schlosslehotel.com\/et\/wp-json\/wp\/v2\/pages"}],"about":[{"href":"https:\/\/www.schlosslehotel.com\/et\/wp-json\/wp\/v2\/types\/page"}],"author":[{"embeddable":true,"href":"https:\/\/www.schlosslehotel.com\/et\/wp-json\/wp\/v2\/users\/2"}],"replies":[{"embeddable":true,"href":"https:\/\/www.schlosslehotel.com\/et\/wp-json\/wp\/v2\/comments?post=1652"}],"version-history":[{"count":56,"href":"https:\/\/www.schlosslehotel.com\/et\/wp-json\/wp\/v2\/pages\/1652\/revisions"}],"predecessor-version":[{"id":12843,"href":"https:\/\/www.schlosslehotel.com\/et\/wp-json\/wp\/v2\/pages\/1652\/revisions\/12843"}],"wp:attachment":[{"href":"https:\/\/www.schlosslehotel.com\/et\/wp-json\/wp\/v2\/media?parent=1652"}],"curies":[{"name":"wp","href":"https:\/\/api.w.org\/{rel}","templated":true}]}}