{"id":1868,"date":"2014-04-21T10:00:06","date_gmt":"2014-04-21T10:00:06","guid":{"rendered":"http:\/\/www.schlosslehotel.com\/tallinn\/tallinn-sightseeings\/"},"modified":"2025-01-20T12:24:43","modified_gmt":"2025-01-20T12:24:43","slug":"tallinna-vaatamisvaarsused","status":"publish","type":"page","link":"https:\/\/www.schlosslehotel.com\/et\/tallinn\/tallinna-vaatamisvaarsused\/","title":{"rendered":"Tallinna vaatamisv\u00e4\u00e4rsused"},"content":{"rendered":"","protected":false},"excerpt":{"rendered":"","protected":false},"author":3,"featured_media":0,"parent":1650,"menu_order":3,"comment_status":"closed","ping_status":"closed","template":"","meta":{"_acf_changed":false,"footnotes":""},"class_list":["post-1868","page","type-page","status-publish","hentry"],"acf":[],"yoast_head":"<!-- This site is optimized with the Yoast SEO plugin v27.3 - https:\/\/yoast.com\/product\/yoast-seo-wordpress\/ -->\n<title>Tallinna vaatamisv\u00e4\u00e4rsused | Unesco maailmap\u00e4randi nimistus<\/title>\n<meta name=\"description\" content=\"K\u00f5ik Tallinna vaatamisv\u00e4\u00e4rsused \u00fchest kohast! Vaata, mida huvitavat saad Tallinnas teha ja broneeri tuba Schl\u00f6ssle hotellis.\" \/>\n<meta name=\"robots\" content=\"index, follow, max-snippet:-1, max-image-preview:large, max-video-preview:-1\" \/>\n<link rel=\"canonical\" href=\"https:\/\/www.schlosslehotel.com\/et\/tallinn\/tallinna-vaatamisvaarsused\/\" \/>\n<meta property=\"og:locale\" content=\"et_EE\" \/>\n<meta property=\"og:type\" content=\"article\" \/>\n<meta property=\"og:title\" content=\"Tallinna vaatamisv\u00e4\u00e4rsused | Unesco maailmap\u00e4randi nimistus\" \/>\n<meta property=\"og:description\" content=\"K\u00f5ik Tallinna vaatamisv\u00e4\u00e4rsused \u00fchest kohast! Vaata, mida huvitavat saad Tallinnas teha ja broneeri tuba Schl\u00f6ssle hotellis.\" \/>\n<meta property=\"og:url\" content=\"https:\/\/www.schlosslehotel.com\/et\/tallinn\/tallinna-vaatamisvaarsused\/\" \/>\n<meta property=\"og:site_name\" content=\"Schl\u00f6ssle Hotel Tallinn Estonia\" \/>\n<meta property=\"article:publisher\" content=\"https:\/\/www.facebook.com\/hotelschlossle\/\" \/>\n<meta property=\"article:modified_time\" content=\"2025-01-20T12:24:43+00:00\" \/>\n<meta property=\"og:image\" content=\"https:\/\/www.schlosslehotel.com\/wp-content\/uploads\/2016\/07\/Facade-1.jpg\" \/>\n\t<meta property=\"og:image:width\" content=\"2000\" \/>\n\t<meta property=\"og:image:height\" content=\"1125\" \/>\n\t<meta property=\"og:image:type\" content=\"image\/jpeg\" \/>\n<meta name=\"twitter:card\" content=\"summary_large_image\" \/>\n<meta name=\"twitter:site\" content=\"@SchlossleHotel\" \/>\n<meta name=\"twitter:label1\" content=\"Est. reading time\" \/>\n\t<meta name=\"twitter:data1\" content=\"2 minutit\" \/>\n<script type=\"application\/ld+json\" class=\"yoast-schema-graph\">{\"@context\":\"https:\\\/\\\/schema.org\",\"@graph\":[{\"@type\":\"WebPage\",\"@id\":\"https:\\\/\\\/www.schlosslehotel.com\\\/et\\\/tallinn\\\/tallinna-vaatamisvaarsused\\\/\",\"url\":\"https:\\\/\\\/www.schlosslehotel.com\\\/et\\\/tallinn\\\/tallinna-vaatamisvaarsused\\\/\",\"name\":\"Tallinna vaatamisv\u00e4\u00e4rsused | Unesco maailmap\u00e4randi nimistus\",\"isPartOf\":{\"@id\":\"https:\\\/\\\/www.schlosslehotel.com\\\/#website\"},\"datePublished\":\"2014-04-21T10:00:06+00:00\",\"dateModified\":\"2025-01-20T12:24:43+00:00\",\"description\":\"K\u00f5ik Tallinna vaatamisv\u00e4\u00e4rsused \u00fchest kohast! Vaata, mida huvitavat saad Tallinnas teha ja broneeri tuba Schl\u00f6ssle hotellis.\",\"breadcrumb\":{\"@id\":\"https:\\\/\\\/www.schlosslehotel.com\\\/et\\\/tallinn\\\/tallinna-vaatamisvaarsused\\\/#breadcrumb\"},\"inLanguage\":\"et\",\"potentialAction\":[{\"@type\":\"ReadAction\",\"target\":[\"https:\\\/\\\/www.schlosslehotel.com\\\/et\\\/tallinn\\\/tallinna-vaatamisvaarsused\\\/\"]}]},{\"@type\":\"BreadcrumbList\",\"@id\":\"https:\\\/\\\/www.schlosslehotel.com\\\/et\\\/tallinn\\\/tallinna-vaatamisvaarsused\\\/#breadcrumb\",\"itemListElement\":[{\"@type\":\"ListItem\",\"position\":1,\"name\":\"Home\",\"item\":\"https:\\\/\\\/www.schlosslehotel.com\\\/et\\\/\"},{\"@type\":\"ListItem\",\"position\":2,\"name\":\"Tallinn\",\"item\":\"https:\\\/\\\/www.schlosslehotel.com\\\/et\\\/tallinn\\\/\"},{\"@type\":\"ListItem\",\"position\":3,\"name\":\"Tallinna vaatamisv\u00e4\u00e4rsused\"}]},{\"@type\":\"WebSite\",\"@id\":\"https:\\\/\\\/www.schlosslehotel.com\\\/#website\",\"url\":\"https:\\\/\\\/www.schlosslehotel.com\\\/\",\"name\":\"Schl\u00f6ssle Hotel Tallinn Estonia\",\"description\":\"Group\",\"potentialAction\":[{\"@type\":\"SearchAction\",\"target\":{\"@type\":\"EntryPoint\",\"urlTemplate\":\"https:\\\/\\\/www.schlosslehotel.com\\\/?s={search_term_string}\"},\"query-input\":{\"@type\":\"PropertyValueSpecification\",\"valueRequired\":true,\"valueName\":\"search_term_string\"}}],\"inLanguage\":\"et\"}]}<\/script>\n<!-- \/ Yoast SEO plugin. -->","yoast_head_json":{"title":"Tallinna vaatamisv\u00e4\u00e4rsused | Unesco maailmap\u00e4randi nimistus","description":"K\u00f5ik Tallinna vaatamisv\u00e4\u00e4rsused \u00fchest kohast! Vaata, mida huvitavat saad Tallinnas teha ja broneeri tuba Schl\u00f6ssle hotellis.","robots":{"index":"index","follow":"follow","max-snippet":"max-snippet:-1","max-image-preview":"max-image-preview:large","max-video-preview":"max-video-preview:-1"},"canonical":"https:\/\/www.schlosslehotel.com\/et\/tallinn\/tallinna-vaatamisvaarsused\/","og_locale":"et_EE","og_type":"article","og_title":"Tallinna vaatamisv\u00e4\u00e4rsused | Unesco maailmap\u00e4randi nimistus","og_description":"K\u00f5ik Tallinna vaatamisv\u00e4\u00e4rsused \u00fchest kohast! Vaata, mida huvitavat saad Tallinnas teha ja broneeri tuba Schl\u00f6ssle hotellis.","og_url":"https:\/\/www.schlosslehotel.com\/et\/tallinn\/tallinna-vaatamisvaarsused\/","og_site_name":"Schl\u00f6ssle Hotel Tallinn Estonia","article_publisher":"https:\/\/www.facebook.com\/hotelschlossle\/","article_modified_time":"2025-01-20T12:24:43+00:00","og_image":[{"width":2000,"height":1125,"url":"https:\/\/www.schlosslehotel.com\/wp-content\/uploads\/2016\/07\/Facade-1.jpg","type":"image\/jpeg"}],"twitter_card":"summary_large_image","twitter_site":"@SchlossleHotel","twitter_misc":{"Est. reading time":"2 minutit"},"schema":{"@context":"https:\/\/schema.org","@graph":[{"@type":"WebPage","@id":"https:\/\/www.schlosslehotel.com\/et\/tallinn\/tallinna-vaatamisvaarsused\/","url":"https:\/\/www.schlosslehotel.com\/et\/tallinn\/tallinna-vaatamisvaarsused\/","name":"Tallinna vaatamisv\u00e4\u00e4rsused | Unesco maailmap\u00e4randi nimistus","isPartOf":{"@id":"https:\/\/www.schlosslehotel.com\/#website"},"datePublished":"2014-04-21T10:00:06+00:00","dateModified":"2025-01-20T12:24:43+00:00","description":"K\u00f5ik Tallinna vaatamisv\u00e4\u00e4rsused \u00fchest kohast! Vaata, mida huvitavat saad Tallinnas teha ja broneeri tuba Schl\u00f6ssle hotellis.","breadcrumb":{"@id":"https:\/\/www.schlosslehotel.com\/et\/tallinn\/tallinna-vaatamisvaarsused\/#breadcrumb"},"inLanguage":"et","potentialAction":[{"@type":"ReadAction","target":["https:\/\/www.schlosslehotel.com\/et\/tallinn\/tallinna-vaatamisvaarsused\/"]}]},{"@type":"BreadcrumbList","@id":"https:\/\/www.schlosslehotel.com\/et\/tallinn\/tallinna-vaatamisvaarsused\/#breadcrumb","itemListElement":[{"@type":"ListItem","position":1,"name":"Home","item":"https:\/\/www.schlosslehotel.com\/et\/"},{"@type":"ListItem","position":2,"name":"Tallinn","item":"https:\/\/www.schlosslehotel.com\/et\/tallinn\/"},{"@type":"ListItem","position":3,"name":"Tallinna vaatamisv\u00e4\u00e4rsused"}]},{"@type":"WebSite","@id":"https:\/\/www.schlosslehotel.com\/#website","url":"https:\/\/www.schlosslehotel.com\/","name":"Schl\u00f6ssle Hotel Tallinn Estonia","description":"Group","potentialAction":[{"@type":"SearchAction","target":{"@type":"EntryPoint","urlTemplate":"https:\/\/www.schlosslehotel.com\/?s={search_term_string}"},"query-input":{"@type":"PropertyValueSpecification","valueRequired":true,"valueName":"search_term_string"}}],"inLanguage":"et"}]}},"_links":{"self":[{"href":"https:\/\/www.schlosslehotel.com\/et\/wp-json\/wp\/v2\/pages\/1868","targetHints":{"allow":["GET"]}}],"collection":[{"href":"https:\/\/www.schlosslehotel.com\/et\/wp-json\/wp\/v2\/pages"}],"about":[{"href":"https:\/\/www.schlosslehotel.com\/et\/wp-json\/wp\/v2\/types\/page"}],"author":[{"embeddable":true,"href":"https:\/\/www.schlosslehotel.com\/et\/wp-json\/wp\/v2\/users\/3"}],"replies":[{"embeddable":true,"href":"https:\/\/www.schlosslehotel.com\/et\/wp-json\/wp\/v2\/comments?post=1868"}],"version-history":[{"count":13,"href":"https:\/\/www.schlosslehotel.com\/et\/wp-json\/wp\/v2\/pages\/1868\/revisions"}],"predecessor-version":[{"id":12754,"href":"https:\/\/www.schlosslehotel.com\/et\/wp-json\/wp\/v2\/pages\/1868\/revisions\/12754"}],"up":[{"embeddable":true,"href":"https:\/\/www.schlosslehotel.com\/et\/wp-json\/wp\/v2\/pages\/1650"}],"wp:attachment":[{"href":"https:\/\/www.schlosslehotel.com\/et\/wp-json\/wp\/v2\/media?parent=1868"}],"curies":[{"name":"wp","href":"https:\/\/api.w.org\/{rel}","templated":true}]}}