{"id":10259,"date":"2019-03-25T14:01:43","date_gmt":"2019-03-25T14:01:43","guid":{"rendered":"https:\/\/www.schlosslehotel.com\/travelling-with-kids\/"},"modified":"2025-01-20T11:54:38","modified_gmt":"2025-01-20T11:54:38","slug":"matkustaminen-lasten-kanssa","status":"publish","type":"page","link":"https:\/\/www.schlosslehotel.com\/fi\/matkustaminen-lasten-kanssa\/","title":{"rendered":"Matkustaminen lasten kanssa"},"content":{"rendered":"","protected":false},"excerpt":{"rendered":"","protected":false},"author":2,"featured_media":10236,"parent":0,"menu_order":0,"comment_status":"closed","ping_status":"closed","template":"","meta":{"_acf_changed":false,"footnotes":""},"class_list":["post-10259","page","type-page","status-publish","has-post-thumbnail","hentry"],"acf":[],"yoast_head":"<!-- This site is optimized with the Yoast SEO plugin v27.3 - https:\/\/yoast.com\/product\/yoast-seo-wordpress\/ -->\n<title>Matkustaminen lasten kanssa - Schl\u00f6ssle Hotel Tallinn Estonia<\/title>\n<meta name=\"description\" content=\"Olemme koonneet yhteen asioita, joista voi olla hy\u00f6ty\u00e4 majoittuessanne Schl\u00f6ssle -hotellissa ja jotka tekev\u00e4t vierailustanne mahdollisimman rentouttavan.\" \/>\n<meta name=\"robots\" content=\"index, follow, max-snippet:-1, max-image-preview:large, max-video-preview:-1\" \/>\n<link rel=\"canonical\" href=\"https:\/\/www.schlosslehotel.com\/fi\/matkustaminen-lasten-kanssa\/\" \/>\n<meta property=\"og:locale\" content=\"fi_FI\" \/>\n<meta property=\"og:type\" content=\"article\" \/>\n<meta property=\"og:title\" content=\"Matkustaminen lasten kanssa - Schl\u00f6ssle Hotel Tallinn Estonia\" \/>\n<meta property=\"og:description\" content=\"Olemme koonneet yhteen asioita, joista voi olla hy\u00f6ty\u00e4 majoittuessanne Schl\u00f6ssle -hotellissa ja jotka tekev\u00e4t vierailustanne mahdollisimman rentouttavan.\" \/>\n<meta property=\"og:url\" content=\"https:\/\/www.schlosslehotel.com\/fi\/matkustaminen-lasten-kanssa\/\" \/>\n<meta property=\"og:site_name\" content=\"Schl\u00f6ssle Hotel Tallinn Estonia\" \/>\n<meta property=\"article:publisher\" content=\"https:\/\/www.facebook.com\/hotelschlossle\/\" \/>\n<meta property=\"article:modified_time\" content=\"2025-01-20T11:54:38+00:00\" \/>\n<meta property=\"og:image\" content=\"https:\/\/www.schlosslehotel.com\/wp-content\/uploads\/2019\/03\/photo201006_0053_01_download_3-1.jpg\" \/>\n\t<meta property=\"og:image:width\" content=\"650\" \/>\n\t<meta property=\"og:image:height\" content=\"520\" \/>\n\t<meta property=\"og:image:type\" content=\"image\/jpeg\" \/>\n<meta name=\"twitter:card\" content=\"summary_large_image\" \/>\n<meta name=\"twitter:site\" content=\"@SchlossleHotel\" \/>\n<meta name=\"twitter:label1\" content=\"Arvioitu lukuaika\" \/>\n\t<meta name=\"twitter:data1\" content=\"2 minuuttia\" \/>\n<script type=\"application\/ld+json\" class=\"yoast-schema-graph\">{\"@context\":\"https:\\\/\\\/schema.org\",\"@graph\":[{\"@type\":\"WebPage\",\"@id\":\"https:\\\/\\\/www.schlosslehotel.com\\\/fi\\\/matkustaminen-lasten-kanssa\\\/\",\"url\":\"https:\\\/\\\/www.schlosslehotel.com\\\/fi\\\/matkustaminen-lasten-kanssa\\\/\",\"name\":\"Matkustaminen lasten kanssa - Schl\u00f6ssle Hotel Tallinn Estonia\",\"isPartOf\":{\"@id\":\"https:\\\/\\\/www.schlosslehotel.com\\\/#website\"},\"primaryImageOfPage\":{\"@id\":\"https:\\\/\\\/www.schlosslehotel.com\\\/fi\\\/matkustaminen-lasten-kanssa\\\/#primaryimage\"},\"image\":{\"@id\":\"https:\\\/\\\/www.schlosslehotel.com\\\/fi\\\/matkustaminen-lasten-kanssa\\\/#primaryimage\"},\"thumbnailUrl\":\"https:\\\/\\\/www.schlosslehotel.com\\\/wp-content\\\/uploads\\\/2019\\\/03\\\/photo201006_0053_01_download_3-1.jpg\",\"datePublished\":\"2019-03-25T14:01:43+00:00\",\"dateModified\":\"2025-01-20T11:54:38+00:00\",\"description\":\"Olemme koonneet yhteen asioita, joista voi olla hy\u00f6ty\u00e4 majoittuessanne Schl\u00f6ssle -hotellissa ja jotka tekev\u00e4t vierailustanne mahdollisimman rentouttavan.\",\"breadcrumb\":{\"@id\":\"https:\\\/\\\/www.schlosslehotel.com\\\/fi\\\/matkustaminen-lasten-kanssa\\\/#breadcrumb\"},\"inLanguage\":\"fi\",\"potentialAction\":[{\"@type\":\"ReadAction\",\"target\":[\"https:\\\/\\\/www.schlosslehotel.com\\\/fi\\\/matkustaminen-lasten-kanssa\\\/\"]}]},{\"@type\":\"ImageObject\",\"inLanguage\":\"fi\",\"@id\":\"https:\\\/\\\/www.schlosslehotel.com\\\/fi\\\/matkustaminen-lasten-kanssa\\\/#primaryimage\",\"url\":\"https:\\\/\\\/www.schlosslehotel.com\\\/wp-content\\\/uploads\\\/2019\\\/03\\\/photo201006_0053_01_download_3-1.jpg\",\"contentUrl\":\"https:\\\/\\\/www.schlosslehotel.com\\\/wp-content\\\/uploads\\\/2019\\\/03\\\/photo201006_0053_01_download_3-1.jpg\",\"width\":650,\"height\":520},{\"@type\":\"BreadcrumbList\",\"@id\":\"https:\\\/\\\/www.schlosslehotel.com\\\/fi\\\/matkustaminen-lasten-kanssa\\\/#breadcrumb\",\"itemListElement\":[{\"@type\":\"ListItem\",\"position\":1,\"name\":\"Home\",\"item\":\"https:\\\/\\\/www.schlosslehotel.com\\\/fi\\\/\"},{\"@type\":\"ListItem\",\"position\":2,\"name\":\"Matkustaminen lasten kanssa\"}]},{\"@type\":\"WebSite\",\"@id\":\"https:\\\/\\\/www.schlosslehotel.com\\\/#website\",\"url\":\"https:\\\/\\\/www.schlosslehotel.com\\\/\",\"name\":\"Schl\u00f6ssle Hotel Tallinn Estonia\",\"description\":\"Group\",\"potentialAction\":[{\"@type\":\"SearchAction\",\"target\":{\"@type\":\"EntryPoint\",\"urlTemplate\":\"https:\\\/\\\/www.schlosslehotel.com\\\/?s={search_term_string}\"},\"query-input\":{\"@type\":\"PropertyValueSpecification\",\"valueRequired\":true,\"valueName\":\"search_term_string\"}}],\"inLanguage\":\"fi\"}]}<\/script>\n<!-- \/ Yoast SEO plugin. -->","yoast_head_json":{"title":"Matkustaminen lasten kanssa - Schl\u00f6ssle Hotel Tallinn Estonia","description":"Olemme koonneet yhteen asioita, joista voi olla hy\u00f6ty\u00e4 majoittuessanne Schl\u00f6ssle -hotellissa ja jotka tekev\u00e4t vierailustanne mahdollisimman rentouttavan.","robots":{"index":"index","follow":"follow","max-snippet":"max-snippet:-1","max-image-preview":"max-image-preview:large","max-video-preview":"max-video-preview:-1"},"canonical":"https:\/\/www.schlosslehotel.com\/fi\/matkustaminen-lasten-kanssa\/","og_locale":"fi_FI","og_type":"article","og_title":"Matkustaminen lasten kanssa - Schl\u00f6ssle Hotel Tallinn Estonia","og_description":"Olemme koonneet yhteen asioita, joista voi olla hy\u00f6ty\u00e4 majoittuessanne Schl\u00f6ssle -hotellissa ja jotka tekev\u00e4t vierailustanne mahdollisimman rentouttavan.","og_url":"https:\/\/www.schlosslehotel.com\/fi\/matkustaminen-lasten-kanssa\/","og_site_name":"Schl\u00f6ssle Hotel Tallinn Estonia","article_publisher":"https:\/\/www.facebook.com\/hotelschlossle\/","article_modified_time":"2025-01-20T11:54:38+00:00","og_image":[{"width":650,"height":520,"url":"https:\/\/www.schlosslehotel.com\/wp-content\/uploads\/2019\/03\/photo201006_0053_01_download_3-1.jpg","type":"image\/jpeg"}],"twitter_card":"summary_large_image","twitter_site":"@SchlossleHotel","twitter_misc":{"Arvioitu lukuaika":"2 minuuttia"},"schema":{"@context":"https:\/\/schema.org","@graph":[{"@type":"WebPage","@id":"https:\/\/www.schlosslehotel.com\/fi\/matkustaminen-lasten-kanssa\/","url":"https:\/\/www.schlosslehotel.com\/fi\/matkustaminen-lasten-kanssa\/","name":"Matkustaminen lasten kanssa - Schl\u00f6ssle Hotel Tallinn Estonia","isPartOf":{"@id":"https:\/\/www.schlosslehotel.com\/#website"},"primaryImageOfPage":{"@id":"https:\/\/www.schlosslehotel.com\/fi\/matkustaminen-lasten-kanssa\/#primaryimage"},"image":{"@id":"https:\/\/www.schlosslehotel.com\/fi\/matkustaminen-lasten-kanssa\/#primaryimage"},"thumbnailUrl":"https:\/\/www.schlosslehotel.com\/wp-content\/uploads\/2019\/03\/photo201006_0053_01_download_3-1.jpg","datePublished":"2019-03-25T14:01:43+00:00","dateModified":"2025-01-20T11:54:38+00:00","description":"Olemme koonneet yhteen asioita, joista voi olla hy\u00f6ty\u00e4 majoittuessanne Schl\u00f6ssle -hotellissa ja jotka tekev\u00e4t vierailustanne mahdollisimman rentouttavan.","breadcrumb":{"@id":"https:\/\/www.schlosslehotel.com\/fi\/matkustaminen-lasten-kanssa\/#breadcrumb"},"inLanguage":"fi","potentialAction":[{"@type":"ReadAction","target":["https:\/\/www.schlosslehotel.com\/fi\/matkustaminen-lasten-kanssa\/"]}]},{"@type":"ImageObject","inLanguage":"fi","@id":"https:\/\/www.schlosslehotel.com\/fi\/matkustaminen-lasten-kanssa\/#primaryimage","url":"https:\/\/www.schlosslehotel.com\/wp-content\/uploads\/2019\/03\/photo201006_0053_01_download_3-1.jpg","contentUrl":"https:\/\/www.schlosslehotel.com\/wp-content\/uploads\/2019\/03\/photo201006_0053_01_download_3-1.jpg","width":650,"height":520},{"@type":"BreadcrumbList","@id":"https:\/\/www.schlosslehotel.com\/fi\/matkustaminen-lasten-kanssa\/#breadcrumb","itemListElement":[{"@type":"ListItem","position":1,"name":"Home","item":"https:\/\/www.schlosslehotel.com\/fi\/"},{"@type":"ListItem","position":2,"name":"Matkustaminen lasten kanssa"}]},{"@type":"WebSite","@id":"https:\/\/www.schlosslehotel.com\/#website","url":"https:\/\/www.schlosslehotel.com\/","name":"Schl\u00f6ssle Hotel Tallinn Estonia","description":"Group","potentialAction":[{"@type":"SearchAction","target":{"@type":"EntryPoint","urlTemplate":"https:\/\/www.schlosslehotel.com\/?s={search_term_string}"},"query-input":{"@type":"PropertyValueSpecification","valueRequired":true,"valueName":"search_term_string"}}],"inLanguage":"fi"}]}},"_links":{"self":[{"href":"https:\/\/www.schlosslehotel.com\/fi\/wp-json\/wp\/v2\/pages\/10259","targetHints":{"allow":["GET"]}}],"collection":[{"href":"https:\/\/www.schlosslehotel.com\/fi\/wp-json\/wp\/v2\/pages"}],"about":[{"href":"https:\/\/www.schlosslehotel.com\/fi\/wp-json\/wp\/v2\/types\/page"}],"author":[{"embeddable":true,"href":"https:\/\/www.schlosslehotel.com\/fi\/wp-json\/wp\/v2\/users\/2"}],"replies":[{"embeddable":true,"href":"https:\/\/www.schlosslehotel.com\/fi\/wp-json\/wp\/v2\/comments?post=10259"}],"version-history":[{"count":9,"href":"https:\/\/www.schlosslehotel.com\/fi\/wp-json\/wp\/v2\/pages\/10259\/revisions"}],"predecessor-version":[{"id":12702,"href":"https:\/\/www.schlosslehotel.com\/fi\/wp-json\/wp\/v2\/pages\/10259\/revisions\/12702"}],"wp:featuredmedia":[{"embeddable":true,"href":"https:\/\/www.schlosslehotel.com\/fi\/wp-json\/wp\/v2\/media\/10236"}],"wp:attachment":[{"href":"https:\/\/www.schlosslehotel.com\/fi\/wp-json\/wp\/v2\/media?parent=10259"}],"curies":[{"name":"wp","href":"https:\/\/api.w.org\/{rel}","templated":true}]}}