{"id":3331,"date":"2014-04-03T14:23:53","date_gmt":"2014-04-03T14:23:53","guid":{"rendered":"http:\/\/www.schlosslehotel.com\/home-2\/"},"modified":"2023-11-23T10:17:25","modified_gmt":"2023-11-23T10:17:25","slug":"home","status":"publish","type":"page","link":"https:\/\/www.schlosslehotel.com\/fi\/","title":{"rendered":"Ylellinen pieni Schl\u00f6ssle hotelli Tallinnan vanhakaupungissa"},"content":{"rendered":"","protected":false},"excerpt":{"rendered":"","protected":false},"author":2,"featured_media":0,"parent":0,"menu_order":6,"comment_status":"closed","ping_status":"closed","template":"template-home.php","meta":{"_acf_changed":false,"footnotes":""},"class_list":["post-3331","page","type-page","status-publish","hentry"],"acf":[],"yoast_head":"<!-- This site is optimized with the Yoast SEO plugin v27.3 - https:\/\/yoast.com\/product\/yoast-seo-wordpress\/ -->\n<title>Hotelli Tallinna | Ylellinen Schl\u00f6ssle Hotel vanhakaupungilla<\/title>\n<meta name=\"description\" content=\"Schl\u00f6ssle Hotelli Tallinn, Viro on butiikkihotelli vanhakaupungin syd\u00e4mess\u00e4. Entis\u00f6ity keskiajan tyyliin. Paras valinta. Vaara nyt!\" \/>\n<meta name=\"robots\" content=\"index, follow, max-snippet:-1, max-image-preview:large, max-video-preview:-1\" \/>\n<link rel=\"canonical\" href=\"https:\/\/www.schlosslehotel.com\/fi\/\" \/>\n<meta property=\"og:locale\" content=\"fi_FI\" \/>\n<meta property=\"og:type\" content=\"article\" \/>\n<meta property=\"og:title\" content=\"Hotelli Tallinna | Ylellinen Schl\u00f6ssle Hotel vanhakaupungilla\" \/>\n<meta property=\"og:description\" content=\"Schl\u00f6ssle Hotelli Tallinn, Viro on butiikkihotelli vanhakaupungin syd\u00e4mess\u00e4. Entis\u00f6ity keskiajan tyyliin. Paras valinta. Vaara nyt!\" \/>\n<meta property=\"og:url\" content=\"https:\/\/www.schlosslehotel.com\/fi\/\" \/>\n<meta property=\"og:site_name\" content=\"Schl\u00f6ssle Hotel Tallinn Estonia\" \/>\n<meta property=\"article:publisher\" content=\"https:\/\/www.facebook.com\/hotelschlossle\/\" \/>\n<meta property=\"article:modified_time\" content=\"2023-11-23T10:17:25+00:00\" \/>\n<meta property=\"og:image\" content=\"https:\/\/www.schlosslehotel.com\/wp-content\/uploads\/2016\/07\/Facade-1.jpg\" \/>\n\t<meta property=\"og:image:width\" content=\"2000\" \/>\n\t<meta property=\"og:image:height\" content=\"1125\" \/>\n\t<meta property=\"og:image:type\" content=\"image\/jpeg\" \/>\n<meta name=\"twitter:card\" content=\"summary_large_image\" \/>\n<meta name=\"twitter:site\" content=\"@SchlossleHotel\" \/>\n<script type=\"application\/ld+json\" class=\"yoast-schema-graph\">{\"@context\":\"https:\\\/\\\/schema.org\",\"@graph\":[{\"@type\":\"WebPage\",\"@id\":\"https:\\\/\\\/www.schlosslehotel.com\\\/fi\\\/\",\"url\":\"https:\\\/\\\/www.schlosslehotel.com\\\/fi\\\/\",\"name\":\"Hotelli Tallinna | Ylellinen Schl\u00f6ssle Hotel vanhakaupungilla\",\"isPartOf\":{\"@id\":\"https:\\\/\\\/www.schlosslehotel.com\\\/#website\"},\"datePublished\":\"2014-04-03T14:23:53+00:00\",\"dateModified\":\"2023-11-23T10:17:25+00:00\",\"description\":\"Schl\u00f6ssle Hotelli Tallinn, Viro on butiikkihotelli vanhakaupungin syd\u00e4mess\u00e4. Entis\u00f6ity keskiajan tyyliin. Paras valinta. Vaara nyt!\",\"breadcrumb\":{\"@id\":\"https:\\\/\\\/www.schlosslehotel.com\\\/fi\\\/#breadcrumb\"},\"inLanguage\":\"fi\",\"potentialAction\":[{\"@type\":\"ReadAction\",\"target\":[\"https:\\\/\\\/www.schlosslehotel.com\\\/fi\\\/\"]}]},{\"@type\":\"BreadcrumbList\",\"@id\":\"https:\\\/\\\/www.schlosslehotel.com\\\/fi\\\/#breadcrumb\",\"itemListElement\":[{\"@type\":\"ListItem\",\"position\":1,\"name\":\"Home\",\"item\":\"https:\\\/\\\/www.schlosslehotel.com\\\/fi\\\/\"},{\"@type\":\"ListItem\",\"position\":2,\"name\":\"Ylellinen pieni Schl\u00f6ssle hotelli Tallinnan vanhakaupungissa\"}]},{\"@type\":\"WebSite\",\"@id\":\"https:\\\/\\\/www.schlosslehotel.com\\\/#website\",\"url\":\"https:\\\/\\\/www.schlosslehotel.com\\\/\",\"name\":\"Schl\u00f6ssle Hotel Tallinn Estonia\",\"description\":\"Group\",\"potentialAction\":[{\"@type\":\"SearchAction\",\"target\":{\"@type\":\"EntryPoint\",\"urlTemplate\":\"https:\\\/\\\/www.schlosslehotel.com\\\/?s={search_term_string}\"},\"query-input\":{\"@type\":\"PropertyValueSpecification\",\"valueRequired\":true,\"valueName\":\"search_term_string\"}}],\"inLanguage\":\"fi\"}]}<\/script>\n<!-- \/ Yoast SEO plugin. -->","yoast_head_json":{"title":"Hotelli Tallinna | Ylellinen Schl\u00f6ssle Hotel vanhakaupungilla","description":"Schl\u00f6ssle Hotelli Tallinn, Viro on butiikkihotelli vanhakaupungin syd\u00e4mess\u00e4. Entis\u00f6ity keskiajan tyyliin. Paras valinta. Vaara nyt!","robots":{"index":"index","follow":"follow","max-snippet":"max-snippet:-1","max-image-preview":"max-image-preview:large","max-video-preview":"max-video-preview:-1"},"canonical":"https:\/\/www.schlosslehotel.com\/fi\/","og_locale":"fi_FI","og_type":"article","og_title":"Hotelli Tallinna | Ylellinen Schl\u00f6ssle Hotel vanhakaupungilla","og_description":"Schl\u00f6ssle Hotelli Tallinn, Viro on butiikkihotelli vanhakaupungin syd\u00e4mess\u00e4. Entis\u00f6ity keskiajan tyyliin. Paras valinta. Vaara nyt!","og_url":"https:\/\/www.schlosslehotel.com\/fi\/","og_site_name":"Schl\u00f6ssle Hotel Tallinn Estonia","article_publisher":"https:\/\/www.facebook.com\/hotelschlossle\/","article_modified_time":"2023-11-23T10:17:25+00:00","og_image":[{"width":2000,"height":1125,"url":"https:\/\/www.schlosslehotel.com\/wp-content\/uploads\/2016\/07\/Facade-1.jpg","type":"image\/jpeg"}],"twitter_card":"summary_large_image","twitter_site":"@SchlossleHotel","schema":{"@context":"https:\/\/schema.org","@graph":[{"@type":"WebPage","@id":"https:\/\/www.schlosslehotel.com\/fi\/","url":"https:\/\/www.schlosslehotel.com\/fi\/","name":"Hotelli Tallinna | Ylellinen Schl\u00f6ssle Hotel vanhakaupungilla","isPartOf":{"@id":"https:\/\/www.schlosslehotel.com\/#website"},"datePublished":"2014-04-03T14:23:53+00:00","dateModified":"2023-11-23T10:17:25+00:00","description":"Schl\u00f6ssle Hotelli Tallinn, Viro on butiikkihotelli vanhakaupungin syd\u00e4mess\u00e4. Entis\u00f6ity keskiajan tyyliin. Paras valinta. Vaara nyt!","breadcrumb":{"@id":"https:\/\/www.schlosslehotel.com\/fi\/#breadcrumb"},"inLanguage":"fi","potentialAction":[{"@type":"ReadAction","target":["https:\/\/www.schlosslehotel.com\/fi\/"]}]},{"@type":"BreadcrumbList","@id":"https:\/\/www.schlosslehotel.com\/fi\/#breadcrumb","itemListElement":[{"@type":"ListItem","position":1,"name":"Home","item":"https:\/\/www.schlosslehotel.com\/fi\/"},{"@type":"ListItem","position":2,"name":"Ylellinen pieni Schl\u00f6ssle hotelli Tallinnan vanhakaupungissa"}]},{"@type":"WebSite","@id":"https:\/\/www.schlosslehotel.com\/#website","url":"https:\/\/www.schlosslehotel.com\/","name":"Schl\u00f6ssle Hotel Tallinn Estonia","description":"Group","potentialAction":[{"@type":"SearchAction","target":{"@type":"EntryPoint","urlTemplate":"https:\/\/www.schlosslehotel.com\/?s={search_term_string}"},"query-input":{"@type":"PropertyValueSpecification","valueRequired":true,"valueName":"search_term_string"}}],"inLanguage":"fi"}]}},"_links":{"self":[{"href":"https:\/\/www.schlosslehotel.com\/fi\/wp-json\/wp\/v2\/pages\/3331","targetHints":{"allow":["GET"]}}],"collection":[{"href":"https:\/\/www.schlosslehotel.com\/fi\/wp-json\/wp\/v2\/pages"}],"about":[{"href":"https:\/\/www.schlosslehotel.com\/fi\/wp-json\/wp\/v2\/types\/page"}],"author":[{"embeddable":true,"href":"https:\/\/www.schlosslehotel.com\/fi\/wp-json\/wp\/v2\/users\/2"}],"replies":[{"embeddable":true,"href":"https:\/\/www.schlosslehotel.com\/fi\/wp-json\/wp\/v2\/comments?post=3331"}],"version-history":[{"count":6,"href":"https:\/\/www.schlosslehotel.com\/fi\/wp-json\/wp\/v2\/pages\/3331\/revisions"}],"predecessor-version":[{"id":12262,"href":"https:\/\/www.schlosslehotel.com\/fi\/wp-json\/wp\/v2\/pages\/3331\/revisions\/12262"}],"wp:attachment":[{"href":"https:\/\/www.schlosslehotel.com\/fi\/wp-json\/wp\/v2\/media?parent=3331"}],"curies":[{"name":"wp","href":"https:\/\/api.w.org\/{rel}","templated":true}]}}