{"id":3435,"date":"2014-04-21T09:59:43","date_gmt":"2014-04-21T09:59:43","guid":{"rendered":"http:\/\/www.schlosslehotel.com\/tallinn\/reach-tallinn\/"},"modified":"2025-01-20T12:23:53","modified_gmt":"2025-01-20T12:23:53","slug":"miten-matkustan-tallinnaan","status":"publish","type":"page","link":"https:\/\/www.schlosslehotel.com\/fi\/viro-tallinn\/miten-matkustan-tallinnaan\/","title":{"rendered":"Miten matkustan Tallinnaan?"},"content":{"rendered":"","protected":false},"excerpt":{"rendered":"","protected":false},"author":3,"featured_media":0,"parent":3433,"menu_order":3,"comment_status":"closed","ping_status":"closed","template":"","meta":{"_acf_changed":false,"footnotes":""},"class_list":["post-3435","page","type-page","status-publish","hentry"],"acf":[],"yoast_head":"<!-- This site is optimized with the Yoast SEO plugin v27.3 - https:\/\/yoast.com\/product\/yoast-seo-wordpress\/ -->\n<title>Tallinnan lentoasema | Saapuminen Tallinnaan | Schl\u00f6ssle hotelli<\/title>\n<meta name=\"description\" content=\"Lentoteitse saavutte Tallinnan lentoasemalle, joka sijaitsee vain 4 km p\u00e4\u00e4ss\u00e4 kaupungin keskustasta. Suoria lentoja Tallinnaan tarjoavat useat lentoyhti\u00f6t.\" \/>\n<meta name=\"robots\" content=\"index, follow, max-snippet:-1, max-image-preview:large, max-video-preview:-1\" \/>\n<link rel=\"canonical\" href=\"https:\/\/www.schlosslehotel.com\/fi\/viro-tallinn\/miten-matkustan-tallinnaan\/\" \/>\n<meta property=\"og:locale\" content=\"fi_FI\" \/>\n<meta property=\"og:type\" content=\"article\" \/>\n<meta property=\"og:title\" content=\"Tallinnan lentoasema | Saapuminen Tallinnaan | Schl\u00f6ssle hotelli\" \/>\n<meta property=\"og:description\" content=\"Lentoteitse saavutte Tallinnan lentoasemalle, joka sijaitsee vain 4 km p\u00e4\u00e4ss\u00e4 kaupungin keskustasta. Suoria lentoja Tallinnaan tarjoavat useat lentoyhti\u00f6t.\" \/>\n<meta property=\"og:url\" content=\"https:\/\/www.schlosslehotel.com\/fi\/viro-tallinn\/miten-matkustan-tallinnaan\/\" \/>\n<meta property=\"og:site_name\" content=\"Schl\u00f6ssle Hotel Tallinn Estonia\" \/>\n<meta property=\"article:publisher\" content=\"https:\/\/www.facebook.com\/hotelschlossle\/\" \/>\n<meta property=\"article:modified_time\" content=\"2025-01-20T12:23:53+00:00\" \/>\n<meta property=\"og:image\" content=\"https:\/\/www.schlosslehotel.com\/wp-content\/uploads\/2016\/07\/Facade-1.jpg\" \/>\n\t<meta property=\"og:image:width\" content=\"2000\" \/>\n\t<meta property=\"og:image:height\" content=\"1125\" \/>\n\t<meta property=\"og:image:type\" content=\"image\/jpeg\" \/>\n<meta name=\"twitter:card\" content=\"summary_large_image\" \/>\n<meta name=\"twitter:site\" content=\"@SchlossleHotel\" \/>\n<meta name=\"twitter:label1\" content=\"Arvioitu lukuaika\" \/>\n\t<meta name=\"twitter:data1\" content=\"2 minuuttia\" \/>\n<script type=\"application\/ld+json\" class=\"yoast-schema-graph\">{\"@context\":\"https:\\\/\\\/schema.org\",\"@graph\":[{\"@type\":\"WebPage\",\"@id\":\"https:\\\/\\\/www.schlosslehotel.com\\\/fi\\\/viro-tallinn\\\/miten-matkustan-tallinnaan\\\/\",\"url\":\"https:\\\/\\\/www.schlosslehotel.com\\\/fi\\\/viro-tallinn\\\/miten-matkustan-tallinnaan\\\/\",\"name\":\"Tallinnan lentoasema | Saapuminen Tallinnaan | Schl\u00f6ssle hotelli\",\"isPartOf\":{\"@id\":\"https:\\\/\\\/www.schlosslehotel.com\\\/#website\"},\"datePublished\":\"2014-04-21T09:59:43+00:00\",\"dateModified\":\"2025-01-20T12:23:53+00:00\",\"description\":\"Lentoteitse saavutte Tallinnan lentoasemalle, joka sijaitsee vain 4 km p\u00e4\u00e4ss\u00e4 kaupungin keskustasta. Suoria lentoja Tallinnaan tarjoavat useat lentoyhti\u00f6t.\",\"breadcrumb\":{\"@id\":\"https:\\\/\\\/www.schlosslehotel.com\\\/fi\\\/viro-tallinn\\\/miten-matkustan-tallinnaan\\\/#breadcrumb\"},\"inLanguage\":\"fi\",\"potentialAction\":[{\"@type\":\"ReadAction\",\"target\":[\"https:\\\/\\\/www.schlosslehotel.com\\\/fi\\\/viro-tallinn\\\/miten-matkustan-tallinnaan\\\/\"]}]},{\"@type\":\"BreadcrumbList\",\"@id\":\"https:\\\/\\\/www.schlosslehotel.com\\\/fi\\\/viro-tallinn\\\/miten-matkustan-tallinnaan\\\/#breadcrumb\",\"itemListElement\":[{\"@type\":\"ListItem\",\"position\":1,\"name\":\"Home\",\"item\":\"https:\\\/\\\/www.schlosslehotel.com\\\/fi\\\/\"},{\"@type\":\"ListItem\",\"position\":2,\"name\":\"Tallinn &#8211; Viron p\u00e4\u00e4kaupunki\",\"item\":\"https:\\\/\\\/www.schlosslehotel.com\\\/fi\\\/viro-tallinn\\\/\"},{\"@type\":\"ListItem\",\"position\":3,\"name\":\"Miten matkustan Tallinnaan?\"}]},{\"@type\":\"WebSite\",\"@id\":\"https:\\\/\\\/www.schlosslehotel.com\\\/#website\",\"url\":\"https:\\\/\\\/www.schlosslehotel.com\\\/\",\"name\":\"Schl\u00f6ssle Hotel Tallinn Estonia\",\"description\":\"Group\",\"potentialAction\":[{\"@type\":\"SearchAction\",\"target\":{\"@type\":\"EntryPoint\",\"urlTemplate\":\"https:\\\/\\\/www.schlosslehotel.com\\\/?s={search_term_string}\"},\"query-input\":{\"@type\":\"PropertyValueSpecification\",\"valueRequired\":true,\"valueName\":\"search_term_string\"}}],\"inLanguage\":\"fi\"}]}<\/script>\n<!-- \/ Yoast SEO plugin. -->","yoast_head_json":{"title":"Tallinnan lentoasema | Saapuminen Tallinnaan | Schl\u00f6ssle hotelli","description":"Lentoteitse saavutte Tallinnan lentoasemalle, joka sijaitsee vain 4 km p\u00e4\u00e4ss\u00e4 kaupungin keskustasta. Suoria lentoja Tallinnaan tarjoavat useat lentoyhti\u00f6t.","robots":{"index":"index","follow":"follow","max-snippet":"max-snippet:-1","max-image-preview":"max-image-preview:large","max-video-preview":"max-video-preview:-1"},"canonical":"https:\/\/www.schlosslehotel.com\/fi\/viro-tallinn\/miten-matkustan-tallinnaan\/","og_locale":"fi_FI","og_type":"article","og_title":"Tallinnan lentoasema | Saapuminen Tallinnaan | Schl\u00f6ssle hotelli","og_description":"Lentoteitse saavutte Tallinnan lentoasemalle, joka sijaitsee vain 4 km p\u00e4\u00e4ss\u00e4 kaupungin keskustasta. Suoria lentoja Tallinnaan tarjoavat useat lentoyhti\u00f6t.","og_url":"https:\/\/www.schlosslehotel.com\/fi\/viro-tallinn\/miten-matkustan-tallinnaan\/","og_site_name":"Schl\u00f6ssle Hotel Tallinn Estonia","article_publisher":"https:\/\/www.facebook.com\/hotelschlossle\/","article_modified_time":"2025-01-20T12:23:53+00:00","og_image":[{"width":2000,"height":1125,"url":"https:\/\/www.schlosslehotel.com\/wp-content\/uploads\/2016\/07\/Facade-1.jpg","type":"image\/jpeg"}],"twitter_card":"summary_large_image","twitter_site":"@SchlossleHotel","twitter_misc":{"Arvioitu lukuaika":"2 minuuttia"},"schema":{"@context":"https:\/\/schema.org","@graph":[{"@type":"WebPage","@id":"https:\/\/www.schlosslehotel.com\/fi\/viro-tallinn\/miten-matkustan-tallinnaan\/","url":"https:\/\/www.schlosslehotel.com\/fi\/viro-tallinn\/miten-matkustan-tallinnaan\/","name":"Tallinnan lentoasema | Saapuminen Tallinnaan | Schl\u00f6ssle hotelli","isPartOf":{"@id":"https:\/\/www.schlosslehotel.com\/#website"},"datePublished":"2014-04-21T09:59:43+00:00","dateModified":"2025-01-20T12:23:53+00:00","description":"Lentoteitse saavutte Tallinnan lentoasemalle, joka sijaitsee vain 4 km p\u00e4\u00e4ss\u00e4 kaupungin keskustasta. Suoria lentoja Tallinnaan tarjoavat useat lentoyhti\u00f6t.","breadcrumb":{"@id":"https:\/\/www.schlosslehotel.com\/fi\/viro-tallinn\/miten-matkustan-tallinnaan\/#breadcrumb"},"inLanguage":"fi","potentialAction":[{"@type":"ReadAction","target":["https:\/\/www.schlosslehotel.com\/fi\/viro-tallinn\/miten-matkustan-tallinnaan\/"]}]},{"@type":"BreadcrumbList","@id":"https:\/\/www.schlosslehotel.com\/fi\/viro-tallinn\/miten-matkustan-tallinnaan\/#breadcrumb","itemListElement":[{"@type":"ListItem","position":1,"name":"Home","item":"https:\/\/www.schlosslehotel.com\/fi\/"},{"@type":"ListItem","position":2,"name":"Tallinn &#8211; Viron p\u00e4\u00e4kaupunki","item":"https:\/\/www.schlosslehotel.com\/fi\/viro-tallinn\/"},{"@type":"ListItem","position":3,"name":"Miten matkustan Tallinnaan?"}]},{"@type":"WebSite","@id":"https:\/\/www.schlosslehotel.com\/#website","url":"https:\/\/www.schlosslehotel.com\/","name":"Schl\u00f6ssle Hotel Tallinn Estonia","description":"Group","potentialAction":[{"@type":"SearchAction","target":{"@type":"EntryPoint","urlTemplate":"https:\/\/www.schlosslehotel.com\/?s={search_term_string}"},"query-input":{"@type":"PropertyValueSpecification","valueRequired":true,"valueName":"search_term_string"}}],"inLanguage":"fi"}]}},"_links":{"self":[{"href":"https:\/\/www.schlosslehotel.com\/fi\/wp-json\/wp\/v2\/pages\/3435","targetHints":{"allow":["GET"]}}],"collection":[{"href":"https:\/\/www.schlosslehotel.com\/fi\/wp-json\/wp\/v2\/pages"}],"about":[{"href":"https:\/\/www.schlosslehotel.com\/fi\/wp-json\/wp\/v2\/types\/page"}],"author":[{"embeddable":true,"href":"https:\/\/www.schlosslehotel.com\/fi\/wp-json\/wp\/v2\/users\/3"}],"replies":[{"embeddable":true,"href":"https:\/\/www.schlosslehotel.com\/fi\/wp-json\/wp\/v2\/comments?post=3435"}],"version-history":[{"count":14,"href":"https:\/\/www.schlosslehotel.com\/fi\/wp-json\/wp\/v2\/pages\/3435\/revisions"}],"predecessor-version":[{"id":12752,"href":"https:\/\/www.schlosslehotel.com\/fi\/wp-json\/wp\/v2\/pages\/3435\/revisions\/12752"}],"up":[{"embeddable":true,"href":"https:\/\/www.schlosslehotel.com\/fi\/wp-json\/wp\/v2\/pages\/3433"}],"wp:attachment":[{"href":"https:\/\/www.schlosslehotel.com\/fi\/wp-json\/wp\/v2\/media?parent=3435"}],"curies":[{"name":"wp","href":"https:\/\/api.w.org\/{rel}","templated":true}]}}