{"id":3542,"date":"2014-04-21T09:51:15","date_gmt":"2014-04-21T09:51:15","guid":{"rendered":"http:\/\/www.schlosslehotel.com\/ravintolat\/restaurant-tallinn-menu\/"},"modified":"2019-10-29T14:50:29","modified_gmt":"2019-10-29T14:50:29","slug":"ravintola-ruokalista","status":"publish","type":"page","link":"https:\/\/www.schlosslehotel.com\/fi\/ravintola-tallinna\/ravintola-ruokalista\/","title":{"rendered":"Ravintola ruokalista"},"content":{"rendered":"","protected":false},"excerpt":{"rendered":"","protected":false},"author":3,"featured_media":9295,"parent":3497,"menu_order":0,"comment_status":"closed","ping_status":"closed","template":"template-menu.php","meta":{"_acf_changed":false,"footnotes":""},"class_list":["post-3542","page","type-page","status-publish","has-post-thumbnail","hentry"],"acf":[],"yoast_head":"<!-- This site is optimized with the Yoast SEO plugin v27.3 - https:\/\/yoast.com\/product\/yoast-seo-wordpress\/ -->\n<title>Ravintola ruokalista - Schl\u00f6ssle Hotel Tallinn Estonia<\/title>\n<meta name=\"description\" content=\"Stenhus ravintolassa Tallinna on upeita arkkitehtonisia piirteit\u00e4 jotka tarjoavat vierailleen l\u00e4mmin ja rentouttavan ilmapiirin.\" \/>\n<meta name=\"robots\" content=\"index, follow, max-snippet:-1, max-image-preview:large, max-video-preview:-1\" \/>\n<link rel=\"canonical\" href=\"https:\/\/www.schlosslehotel.com\/fi\/ravintola-tallinna\/ravintola-ruokalista\/\" \/>\n<meta property=\"og:locale\" content=\"fi_FI\" \/>\n<meta property=\"og:type\" content=\"article\" \/>\n<meta property=\"og:title\" content=\"Ravintola ruokalista - Schl\u00f6ssle Hotel Tallinn Estonia\" \/>\n<meta property=\"og:description\" content=\"Stenhus ravintolassa Tallinna on upeita arkkitehtonisia piirteit\u00e4 jotka tarjoavat vierailleen l\u00e4mmin ja rentouttavan ilmapiirin.\" \/>\n<meta property=\"og:url\" content=\"https:\/\/www.schlosslehotel.com\/fi\/ravintola-tallinna\/ravintola-ruokalista\/\" \/>\n<meta property=\"og:site_name\" content=\"Schl\u00f6ssle Hotel Tallinn Estonia\" \/>\n<meta property=\"article:publisher\" content=\"https:\/\/www.facebook.com\/hotelschlossle\/\" \/>\n<meta property=\"article:modified_time\" content=\"2019-10-29T14:50:29+00:00\" \/>\n<meta property=\"og:image\" content=\"https:\/\/www.schlosslehotel.com\/wp-content\/uploads\/2018\/04\/IMGL5718_fullsize_fotograaf.lauri_.laan_.jpg\" \/>\n\t<meta property=\"og:image:width\" content=\"1440\" \/>\n\t<meta property=\"og:image:height\" content=\"960\" \/>\n\t<meta property=\"og:image:type\" content=\"image\/jpeg\" \/>\n<meta name=\"twitter:card\" content=\"summary_large_image\" \/>\n<meta name=\"twitter:site\" content=\"@SchlossleHotel\" \/>\n<script type=\"application\/ld+json\" class=\"yoast-schema-graph\">{\"@context\":\"https:\\\/\\\/schema.org\",\"@graph\":[{\"@type\":\"WebPage\",\"@id\":\"https:\\\/\\\/www.schlosslehotel.com\\\/fi\\\/ravintola-tallinna\\\/ravintola-ruokalista\\\/\",\"url\":\"https:\\\/\\\/www.schlosslehotel.com\\\/fi\\\/ravintola-tallinna\\\/ravintola-ruokalista\\\/\",\"name\":\"Ravintola ruokalista - Schl\u00f6ssle Hotel Tallinn Estonia\",\"isPartOf\":{\"@id\":\"https:\\\/\\\/www.schlosslehotel.com\\\/#website\"},\"primaryImageOfPage\":{\"@id\":\"https:\\\/\\\/www.schlosslehotel.com\\\/fi\\\/ravintola-tallinna\\\/ravintola-ruokalista\\\/#primaryimage\"},\"image\":{\"@id\":\"https:\\\/\\\/www.schlosslehotel.com\\\/fi\\\/ravintola-tallinna\\\/ravintola-ruokalista\\\/#primaryimage\"},\"thumbnailUrl\":\"https:\\\/\\\/www.schlosslehotel.com\\\/wp-content\\\/uploads\\\/2018\\\/04\\\/IMGL5718_fullsize_fotograaf.lauri_.laan_.jpg\",\"datePublished\":\"2014-04-21T09:51:15+00:00\",\"dateModified\":\"2019-10-29T14:50:29+00:00\",\"description\":\"Stenhus ravintolassa Tallinna on upeita arkkitehtonisia piirteit\u00e4 jotka tarjoavat vierailleen l\u00e4mmin ja rentouttavan ilmapiirin.\",\"breadcrumb\":{\"@id\":\"https:\\\/\\\/www.schlosslehotel.com\\\/fi\\\/ravintola-tallinna\\\/ravintola-ruokalista\\\/#breadcrumb\"},\"inLanguage\":\"fi\",\"potentialAction\":[{\"@type\":\"ReadAction\",\"target\":[\"https:\\\/\\\/www.schlosslehotel.com\\\/fi\\\/ravintola-tallinna\\\/ravintola-ruokalista\\\/\"]}]},{\"@type\":\"ImageObject\",\"inLanguage\":\"fi\",\"@id\":\"https:\\\/\\\/www.schlosslehotel.com\\\/fi\\\/ravintola-tallinna\\\/ravintola-ruokalista\\\/#primaryimage\",\"url\":\"https:\\\/\\\/www.schlosslehotel.com\\\/wp-content\\\/uploads\\\/2018\\\/04\\\/IMGL5718_fullsize_fotograaf.lauri_.laan_.jpg\",\"contentUrl\":\"https:\\\/\\\/www.schlosslehotel.com\\\/wp-content\\\/uploads\\\/2018\\\/04\\\/IMGL5718_fullsize_fotograaf.lauri_.laan_.jpg\",\"width\":1440,\"height\":960},{\"@type\":\"BreadcrumbList\",\"@id\":\"https:\\\/\\\/www.schlosslehotel.com\\\/fi\\\/ravintola-tallinna\\\/ravintola-ruokalista\\\/#breadcrumb\",\"itemListElement\":[{\"@type\":\"ListItem\",\"position\":1,\"name\":\"Home\",\"item\":\"https:\\\/\\\/www.schlosslehotel.com\\\/fi\\\/\"},{\"@type\":\"ListItem\",\"position\":2,\"name\":\"Ravintolat\",\"item\":\"https:\\\/\\\/www.schlosslehotel.com\\\/fi\\\/ravintola-tallinna\\\/\"},{\"@type\":\"ListItem\",\"position\":3,\"name\":\"Ravintola ruokalista\"}]},{\"@type\":\"WebSite\",\"@id\":\"https:\\\/\\\/www.schlosslehotel.com\\\/#website\",\"url\":\"https:\\\/\\\/www.schlosslehotel.com\\\/\",\"name\":\"Schl\u00f6ssle Hotel Tallinn Estonia\",\"description\":\"Group\",\"potentialAction\":[{\"@type\":\"SearchAction\",\"target\":{\"@type\":\"EntryPoint\",\"urlTemplate\":\"https:\\\/\\\/www.schlosslehotel.com\\\/?s={search_term_string}\"},\"query-input\":{\"@type\":\"PropertyValueSpecification\",\"valueRequired\":true,\"valueName\":\"search_term_string\"}}],\"inLanguage\":\"fi\"}]}<\/script>\n<!-- \/ Yoast SEO plugin. -->","yoast_head_json":{"title":"Ravintola ruokalista - Schl\u00f6ssle Hotel Tallinn Estonia","description":"Stenhus ravintolassa Tallinna on upeita arkkitehtonisia piirteit\u00e4 jotka tarjoavat vierailleen l\u00e4mmin ja rentouttavan ilmapiirin.","robots":{"index":"index","follow":"follow","max-snippet":"max-snippet:-1","max-image-preview":"max-image-preview:large","max-video-preview":"max-video-preview:-1"},"canonical":"https:\/\/www.schlosslehotel.com\/fi\/ravintola-tallinna\/ravintola-ruokalista\/","og_locale":"fi_FI","og_type":"article","og_title":"Ravintola ruokalista - Schl\u00f6ssle Hotel Tallinn Estonia","og_description":"Stenhus ravintolassa Tallinna on upeita arkkitehtonisia piirteit\u00e4 jotka tarjoavat vierailleen l\u00e4mmin ja rentouttavan ilmapiirin.","og_url":"https:\/\/www.schlosslehotel.com\/fi\/ravintola-tallinna\/ravintola-ruokalista\/","og_site_name":"Schl\u00f6ssle Hotel Tallinn Estonia","article_publisher":"https:\/\/www.facebook.com\/hotelschlossle\/","article_modified_time":"2019-10-29T14:50:29+00:00","og_image":[{"width":1440,"height":960,"url":"https:\/\/www.schlosslehotel.com\/wp-content\/uploads\/2018\/04\/IMGL5718_fullsize_fotograaf.lauri_.laan_.jpg","type":"image\/jpeg"}],"twitter_card":"summary_large_image","twitter_site":"@SchlossleHotel","schema":{"@context":"https:\/\/schema.org","@graph":[{"@type":"WebPage","@id":"https:\/\/www.schlosslehotel.com\/fi\/ravintola-tallinna\/ravintola-ruokalista\/","url":"https:\/\/www.schlosslehotel.com\/fi\/ravintola-tallinna\/ravintola-ruokalista\/","name":"Ravintola ruokalista - Schl\u00f6ssle Hotel Tallinn Estonia","isPartOf":{"@id":"https:\/\/www.schlosslehotel.com\/#website"},"primaryImageOfPage":{"@id":"https:\/\/www.schlosslehotel.com\/fi\/ravintola-tallinna\/ravintola-ruokalista\/#primaryimage"},"image":{"@id":"https:\/\/www.schlosslehotel.com\/fi\/ravintola-tallinna\/ravintola-ruokalista\/#primaryimage"},"thumbnailUrl":"https:\/\/www.schlosslehotel.com\/wp-content\/uploads\/2018\/04\/IMGL5718_fullsize_fotograaf.lauri_.laan_.jpg","datePublished":"2014-04-21T09:51:15+00:00","dateModified":"2019-10-29T14:50:29+00:00","description":"Stenhus ravintolassa Tallinna on upeita arkkitehtonisia piirteit\u00e4 jotka tarjoavat vierailleen l\u00e4mmin ja rentouttavan ilmapiirin.","breadcrumb":{"@id":"https:\/\/www.schlosslehotel.com\/fi\/ravintola-tallinna\/ravintola-ruokalista\/#breadcrumb"},"inLanguage":"fi","potentialAction":[{"@type":"ReadAction","target":["https:\/\/www.schlosslehotel.com\/fi\/ravintola-tallinna\/ravintola-ruokalista\/"]}]},{"@type":"ImageObject","inLanguage":"fi","@id":"https:\/\/www.schlosslehotel.com\/fi\/ravintola-tallinna\/ravintola-ruokalista\/#primaryimage","url":"https:\/\/www.schlosslehotel.com\/wp-content\/uploads\/2018\/04\/IMGL5718_fullsize_fotograaf.lauri_.laan_.jpg","contentUrl":"https:\/\/www.schlosslehotel.com\/wp-content\/uploads\/2018\/04\/IMGL5718_fullsize_fotograaf.lauri_.laan_.jpg","width":1440,"height":960},{"@type":"BreadcrumbList","@id":"https:\/\/www.schlosslehotel.com\/fi\/ravintola-tallinna\/ravintola-ruokalista\/#breadcrumb","itemListElement":[{"@type":"ListItem","position":1,"name":"Home","item":"https:\/\/www.schlosslehotel.com\/fi\/"},{"@type":"ListItem","position":2,"name":"Ravintolat","item":"https:\/\/www.schlosslehotel.com\/fi\/ravintola-tallinna\/"},{"@type":"ListItem","position":3,"name":"Ravintola ruokalista"}]},{"@type":"WebSite","@id":"https:\/\/www.schlosslehotel.com\/#website","url":"https:\/\/www.schlosslehotel.com\/","name":"Schl\u00f6ssle Hotel Tallinn Estonia","description":"Group","potentialAction":[{"@type":"SearchAction","target":{"@type":"EntryPoint","urlTemplate":"https:\/\/www.schlosslehotel.com\/?s={search_term_string}"},"query-input":{"@type":"PropertyValueSpecification","valueRequired":true,"valueName":"search_term_string"}}],"inLanguage":"fi"}]}},"_links":{"self":[{"href":"https:\/\/www.schlosslehotel.com\/fi\/wp-json\/wp\/v2\/pages\/3542","targetHints":{"allow":["GET"]}}],"collection":[{"href":"https:\/\/www.schlosslehotel.com\/fi\/wp-json\/wp\/v2\/pages"}],"about":[{"href":"https:\/\/www.schlosslehotel.com\/fi\/wp-json\/wp\/v2\/types\/page"}],"author":[{"embeddable":true,"href":"https:\/\/www.schlosslehotel.com\/fi\/wp-json\/wp\/v2\/users\/3"}],"replies":[{"embeddable":true,"href":"https:\/\/www.schlosslehotel.com\/fi\/wp-json\/wp\/v2\/comments?post=3542"}],"version-history":[{"count":8,"href":"https:\/\/www.schlosslehotel.com\/fi\/wp-json\/wp\/v2\/pages\/3542\/revisions"}],"predecessor-version":[{"id":9373,"href":"https:\/\/www.schlosslehotel.com\/fi\/wp-json\/wp\/v2\/pages\/3542\/revisions\/9373"}],"up":[{"embeddable":true,"href":"https:\/\/www.schlosslehotel.com\/fi\/wp-json\/wp\/v2\/pages\/3497"}],"wp:featuredmedia":[{"embeddable":true,"href":"https:\/\/www.schlosslehotel.com\/fi\/wp-json\/wp\/v2\/media\/9295"}],"wp:attachment":[{"href":"https:\/\/www.schlosslehotel.com\/fi\/wp-json\/wp\/v2\/media?parent=3542"}],"curies":[{"name":"wp","href":"https:\/\/api.w.org\/{rel}","templated":true}]}}